{"id":4130,"date":"2021-09-23T04:37:23","date_gmt":"2021-09-23T04:37:23","guid":{"rendered":"https:\/\/gorisgroup.com\/entre-em-contato-conosco\/"},"modified":"2025-03-05T17:21:16","modified_gmt":"2025-03-05T17:21:16","slug":"contato","status":"publish","type":"page","link":"https:\/\/gorisgroup.com\/pt-br\/contato\/","title":{"rendered":"Entre em contato conosco"},"content":{"rendered":"<p><div class=\"ltn__breadcrumb-area text-left bg-overlay-white-50 bg-image \" data-bs-bg=\"https:\/\/gorisgroup.com\/wp-content\/uploads\/2025\/02\/fondo_top_root.jpg\"><div class=\"container\"><div class=\"row\"><div class=\"col-lg-12\"><div class=\"ltn__breadcrumb-inner\"><div class=\"ltn__breadcrumb-list\"><ul><li><a href=\"\/pt-br\/\"><span class=\"ltn__secondary-color\"><i class=\"fas fa-home\"><\/i><\/span> Home<\/a><\/li><li><a href=\"\/pt-br\/\">Contato<\/a><\/li><\/ul><\/div><\/div><\/div><\/div><\/div><\/div><br \/>\n<div class=\"ltn__contact-address-area mb-30\">\n        <div class=\"container\">\n            <div class=\"row\">\n                <div class=\"col-lg-4\">\n                    <div\n                        class=\"ltn__contact-address-item ltn__contact-address-item-3 box-shadow\"\n                    >\n                        <div class=\"ltn__contact-address-icon\">\n                            <img decoding=\"async\"\n                                src=\"https:\/\/gorisgroup.com\/wp-content\/uploads\/2025\/01\/10.png\"\n                                alt=\"Icon Image\"\n                            \/>\n                        <\/div>\n                        <h3>Endere\u00e7o de e-mail<\/h3>\n                        <p>sales@gorisgroup.com<\/p>\n                    <\/div>\n                <\/div>\n                <div class=\"col-lg-4\">\n                    <div\n                        class=\"ltn__contact-address-item ltn__contact-address-item-3 box-shadow\"\n                    >\n                        <div class=\"ltn__contact-address-icon\">\n                            <img decoding=\"async\"\n                                src=\"https:\/\/gorisgroup.com\/wp-content\/uploads\/2025\/01\/11.png\"\n                                alt=\"Icon Image\"\n                            \/>\n                        <\/div>\n                        <h3>N\u00famero de telefone<\/h3>\n                        <p>+1 305 371 7170<\/p>\n                    <\/div>\n                <\/div>\n                <div class=\"col-lg-4\">\n                    <div\n                        class=\"ltn__contact-address-item ltn__contact-address-item-3 box-shadow\"\n                    >\n                        <div class=\"ltn__contact-address-icon\">\n                            <img decoding=\"async\"\n                                src=\"https:\/\/gorisgroup.com\/wp-content\/uploads\/2025\/01\/12.png\"\n                                alt=\"Icon Image\"\n                            \/>\n                        <\/div>\n                        <h3>Endere\u00e7o do escrit\u00f3rio<\/h3>\n                        <p>1824 NW 21st Terrace, Miami, FL 33142<\/p>\n                    <\/div>\n                <\/div>\n            <\/div>\n        <\/div>\n    <\/div>\n    <div class=\"ltn__contact-message-area mb-80\">\n        <div class=\"container\">\n            <div class=\"row\">\n                <div class=\"col-lg-12\">\n                    <div class=\"ltn__form-box contact-form-box box-shadow white-bg\">\n                        <h4 class=\"ltn__widget-title ltn__widget-title-border-2\">\n                            Envie-nos sua mensagem\n                        <\/h4>\n                        \n<div class=\"wpcf7 no-js\" id=\"wpcf7-f4304-o1\" lang=\"en-US\" dir=\"ltr\" data-wpcf7-id=\"4304\">\n<div class=\"screen-reader-response\"><p role=\"status\" aria-live=\"polite\" aria-atomic=\"true\"><\/p> <ul><\/ul><\/div>\n<form action=\"\/pt-br\/wp-json\/wp\/v2\/pages\/4130#wpcf7-f4304-o1\" method=\"post\" class=\"wpcf7-form init\" aria-label=\"Contact form\" novalidate=\"novalidate\" data-status=\"init\">\n<fieldset class=\"hidden-fields-container\"><input type=\"hidden\" name=\"_wpcf7\" value=\"4304\" \/><input type=\"hidden\" name=\"_wpcf7_version\" value=\"6.1.5\" \/><input type=\"hidden\" name=\"_wpcf7_locale\" value=\"en_US\" \/><input type=\"hidden\" name=\"_wpcf7_unit_tag\" value=\"wpcf7-f4304-o1\" \/><input type=\"hidden\" name=\"_wpcf7_container_post\" value=\"0\" \/><input type=\"hidden\" name=\"_wpcf7_posted_data_hash\" value=\"\" \/><input type=\"hidden\" name=\"_wpcf7_recaptcha_response\" value=\"\" \/>\n<\/fieldset>\n<div class=\"row\">\n\t<div class=\"col-md-6\">\n\t\t<div class=\"input-item input-item-name ltn__custom-icon\">\n\t\t\t<p><span class=\"wpcf7-form-control-wrap\" data-name=\"your-name\"><input size=\"40\" maxlength=\"400\" class=\"wpcf7-form-control wpcf7-text wpcf7-validates-as-required\" autocomplete=\"name\" aria-required=\"true\" aria-invalid=\"false\" placeholder=\"Digite seu nome\" value=\"\" type=\"text\" name=\"your-name\" \/><\/span>\n\t\t\t<\/p>\n\t\t<\/div>\n\t<\/div>\n\t<div class=\"col-md-6\">\n\t\t<div class=\"input-item input-item-email ltn__custom-icon\">\n\t\t\t<p><span class=\"wpcf7-form-control-wrap\" data-name=\"your-email\"><input size=\"40\" maxlength=\"400\" class=\"wpcf7-form-control wpcf7-email wpcf7-validates-as-required wpcf7-text wpcf7-validates-as-email\" autocomplete=\"email\" aria-required=\"true\" aria-invalid=\"false\" placeholder=\"Digite seu email\" value=\"\" type=\"email\" name=\"your-email\" \/><\/span>\n\t\t\t<\/p>\n\t\t<\/div>\n\t<\/div>\n<\/div>\n<div class=\"input-item input-item-textarea ltn__custom-icon\">\n\t<p><span class=\"wpcf7-form-control-wrap\" data-name=\"your-message\"><textarea cols=\"40\" rows=\"10\" maxlength=\"2000\" class=\"wpcf7-form-control wpcf7-textarea\" aria-invalid=\"false\" placeholder=\"Sua mensagem\" name=\"your-message\"><\/textarea><\/span>\n\t<\/p>\n<\/div>\n<div class=\"btn-wrapper mt-0\">\n\t<p><button class=\"btn theme-btn-1 btn-effect-1 text-uppercase\" type=\"submit\">Enviar mensagem<\/button>\n\t<\/p>\n<\/div>\n<p class=\"form-messege mb-0 mt-20\">\n<\/p><div class=\"wpcf7-response-output\" aria-hidden=\"true\"><\/div>\n<\/form>\n<\/div>\n\n                    <\/div>\n                <\/div>\n            <\/div>\n        <\/div>\n    <\/div>\n    <div class=\"google-map mb-120\">\n        <iframe loading=\"lazy\"\n            src=\"https:\/\/www.google.com\/maps\/embed?origin=mfe&pb=!1m4!2m1!1sGoris+Group+1824+NW+21st+Terrace,+Miami!5e0!6i15\"\n            width=\"100%\"\n            height=\"100%\"\n            frameborder=\"0\"\n            allowfullscreen=\"\"\n            aria-hidden=\"false\"\n            tabindex=\"0\"\n        ><\/iframe>\n    <\/div><\/p>\n<div class=\"seo-hidden\">\nGoris Group is a leading distributor and seller of world-renowned brands in Latin America and the Caribbean.<\/p>\n<p>Our extensive portfolio includes celebrated names such as:<br \/>\n<a href=\"https:\/\/gorisgroup.com\/bushnell\/\">Bushnell<\/a>, <a href=\"https:\/\/gorisgroup.com\/pt-br\/celestron\/\">Celestron<\/a>, <a href=\"https:\/\/gorisgroup.com\/pt-br\/tasco\/\">Tasco<\/a>, <a href=\"https:\/\/gorisgroup.com\/pt-br\/simmons\/\">Simmons<\/a>, <a href=\"https:\/\/gorisgroup.com\/pt-br\/zippo\/\">Zippo<\/a>, <a href=\"https:\/\/gorisgroup.com\/pt-br\/ronson\/\">Ronson<\/a>, <a href=\"https:\/\/gorisgroup.com\/pt-br\/coast\/\">Coast<\/a>, <a href=\"https:\/\/gorisgroup.com\/pt-br\/marcas\/\">Maglite<\/a>, <a href=\"https:\/\/gorisgroup.com\/pt-br\/princeton-tec\/\">Princeton Tec<\/a>, <a href=\"https:\/\/gorisgroup.com\/pt-br\/nite-ize\/\">Nite Ize<\/a>, <a href=\"https:\/\/gorisgroup.com\/pt-br\/smiths\/\">Smith&#8217;s<\/a>, <a href=\"https:\/\/gorisgroup.com\/pt-br\/benchmade\/\">Benchmade<\/a>, <a href=\"https:\/\/gorisgroup.com\/pt-br\/ecovessel\/\">Ecovessel<\/a>, <a href=\"https:\/\/gorisgroup.com\/pt-br\/o2cool\/\">O2Cool<\/a>, <a href=\"https:\/\/gorisgroup.com\/pt-br\/green-sprouts\/\">Green Sprouts<\/a>, <a href=\"https:\/\/gorisgroup.com\/pt-br\/lunchbots\/\">LunchBots<\/a>, <a href=\"https:\/\/gorisgroup.com\/pt-br\/treva\/\">Treva<\/a>, <a href=\"https:\/\/gorisgroup.com\/pt-br\/u-konserve\/\">U-Konserve<\/a>, <a href=\"https:\/\/gorisgroup.com\/pt-br\/primos\/\">Primos<\/a>, <a href=\"https:\/\/gorisgroup.com\/pt-br\/hoppes\/\">Hoppe&#8217;s<\/a>, <a href=\"https:\/\/gorisgroup.com\/pt-br\/blackhawk\/\">Blackhawk<\/a>, <a href=\"https:\/\/gorisgroup.com\/pt-br\/uncle-mikes\/\">Uncle Mike&#8217;s<\/a>, <a href=\"https:\/\/gorisgroup.com\/pt-br\/champion\/\">Champion<\/a>, <a href=\"https:\/\/gorisgroup.com\/pt-br\/butler-creek\/\">Butler Creek<\/a>, <a href=\"https:\/\/gorisgroup.com\/pt-br\/serengeti\/\">Serengeti<\/a>, <a href=\"https:\/\/gorisgroup.com\/pt-br\/parafuso\/\">Bolle<\/a>, <a href=\"https:\/\/gorisgroup.com\/pt-br\/spy\/\">Spy Optics<\/a>.<\/p>\n<p>We pride ourselves on exclusively partnering with exceptional brands that have a long-standing reputation for quality and durability.\n<\/p><\/div>\n","protected":false},"excerpt":{"rendered":"Goris Group is a leading distributor and seller of world-renowned brands in Latin America and the Caribbean. Our extensive portfolio includes celebrated names such as: Bushnell, Celestron, Tasco, Simmons, Zippo, Ronson, Coast, Maglite, Princeton Tec, Nite Ize, Smith&#8217;s, Benchmade, Ecovessel, O2Cool, Green Sprouts, LunchBots, Treva, U-Konserve, Primos, Hoppe&#8217;s, Blackhawk, Uncle Mike&#8217;s, Champion, Butler Creek, Serengeti, [&hellip;]","protected":false},"author":2,"featured_media":0,"parent":0,"menu_order":0,"comment_status":"closed","ping_status":"closed","template":"","meta":{"content-type":"","inline_featured_image":false,"footnotes":""},"class_list":["post-4130","page","type-page","status-publish","hentry"],"yoast_head":"<!-- This site is optimized with the Yoast SEO plugin v27.4 - https:\/\/yoast.com\/product\/yoast-seo-wordpress\/ -->\n<title>Entre em contato conosco - Distribuidores da Am\u00e9rica Latina e Caribe<\/title>\n<meta name=\"description\" content=\"+1 305 371 7170 - 1824 NW 21st Terrace, Miami, FL 33142 - sales@gorisgroup.com. Consultas sobre distribui\u00e7\u00e3o de produtos para a Am\u00e9rica Latina e o Caribe.\" \/>\n<meta name=\"robots\" content=\"index, follow, max-snippet:-1, max-image-preview:large, max-video-preview:-1\" \/>\n<link rel=\"canonical\" href=\"https:\/\/gorisgroup.com\/pt-br\/contato\/\" \/>\n<meta property=\"og:locale\" content=\"pt_BR\" \/>\n<meta property=\"og:type\" content=\"article\" \/>\n<meta property=\"og:title\" content=\"Entre em contato conosco - Distribuidores da Am\u00e9rica Latina e Caribe\" \/>\n<meta property=\"og:description\" content=\"+1 305 371 7170 - 1824 NW 21st Terrace, Miami, FL 33142 - sales@gorisgroup.com. Consultas sobre distribui\u00e7\u00e3o de produtos para a Am\u00e9rica Latina e o Caribe.\" \/>\n<meta property=\"og:url\" content=\"https:\/\/gorisgroup.com\/pt-br\/contato\/\" \/>\n<meta property=\"og:site_name\" content=\"Goris Group\" \/>\n<meta property=\"article:publisher\" content=\"https:\/\/www.facebook.com\/gorisgroup\" \/>\n<meta property=\"article:modified_time\" content=\"2025-03-05T17:21:16+00:00\" \/>\n<meta property=\"og:image\" content=\"https:\/\/gorisgroup.com\/wp-content\/uploads\/2025\/02\/site.jpg\" \/>\n\t<meta property=\"og:image:width\" content=\"1200\" \/>\n\t<meta property=\"og:image:height\" content=\"675\" \/>\n\t<meta property=\"og:image:type\" content=\"image\/jpeg\" \/>\n<meta name=\"twitter:card\" content=\"summary_large_image\" \/>\n<meta name=\"twitter:site\" content=\"@GorisGroup\" \/>\n<meta name=\"twitter:label1\" content=\"Est. tempo de leitura\" \/>\n\t<meta name=\"twitter:data1\" content=\"1 minuto\" \/>\n<script type=\"application\/ld+json\" class=\"yoast-schema-graph\">{\"@context\":\"https:\\\/\\\/schema.org\",\"@graph\":[{\"@type\":\"WebPage\",\"@id\":\"https:\\\/\\\/gorisgroup.com\\\/pt-br\\\/contato\\\/\",\"url\":\"https:\\\/\\\/gorisgroup.com\\\/pt-br\\\/contato\\\/\",\"name\":\"Entre em contato conosco - Distribuidores da Am\u00e9rica Latina e Caribe\",\"isPartOf\":{\"@id\":\"https:\\\/\\\/gorisgroup.com\\\/#website\"},\"datePublished\":\"2021-09-23T04:37:23+00:00\",\"dateModified\":\"2025-03-05T17:21:16+00:00\",\"description\":\"+1 305 371 7170 - 1824 NW 21st Terrace, Miami, FL 33142 - sales@gorisgroup.com. Consultas sobre distribui\u00e7\u00e3o de produtos para a Am\u00e9rica Latina e o Caribe.\",\"breadcrumb\":{\"@id\":\"https:\\\/\\\/gorisgroup.com\\\/pt-br\\\/contato\\\/#breadcrumb\"},\"inLanguage\":\"pt-BR\",\"potentialAction\":[{\"@type\":\"ReadAction\",\"target\":[\"https:\\\/\\\/gorisgroup.com\\\/pt-br\\\/contato\\\/\"]}]},{\"@type\":\"BreadcrumbList\",\"@id\":\"https:\\\/\\\/gorisgroup.com\\\/pt-br\\\/contato\\\/#breadcrumb\",\"itemListElement\":[{\"@type\":\"ListItem\",\"position\":1,\"name\":\"Home\",\"item\":\"https:\\\/\\\/gorisgroup.com\\\/pt-br\\\/\"},{\"@type\":\"ListItem\",\"position\":2,\"name\":\"Entre em contato conosco\"}]},{\"@type\":\"WebSite\",\"@id\":\"https:\\\/\\\/gorisgroup.com\\\/#website\",\"url\":\"https:\\\/\\\/gorisgroup.com\\\/\",\"name\":\"Goris Group\",\"description\":\"Latin America and Caribbean Distribution\",\"publisher\":{\"@id\":\"https:\\\/\\\/gorisgroup.com\\\/#organization\"},\"alternateName\":\"GG\",\"potentialAction\":[{\"@type\":\"SearchAction\",\"target\":{\"@type\":\"EntryPoint\",\"urlTemplate\":\"https:\\\/\\\/gorisgroup.com\\\/?s={search_term_string}\"},\"query-input\":{\"@type\":\"PropertyValueSpecification\",\"valueRequired\":true,\"valueName\":\"search_term_string\"}}],\"inLanguage\":\"pt-BR\"},{\"@type\":\"Organization\",\"@id\":\"https:\\\/\\\/gorisgroup.com\\\/#organization\",\"name\":\"Goris Group\",\"alternateName\":\"GG\",\"url\":\"https:\\\/\\\/gorisgroup.com\\\/\",\"logo\":{\"@type\":\"ImageObject\",\"inLanguage\":\"pt-BR\",\"@id\":\"https:\\\/\\\/gorisgroup.com\\\/#\\\/schema\\\/logo\\\/image\\\/\",\"url\":\"https:\\\/\\\/gorisgroup.com\\\/wp-content\\\/uploads\\\/2025\\\/02\\\/logo-1.svg\",\"contentUrl\":\"https:\\\/\\\/gorisgroup.com\\\/wp-content\\\/uploads\\\/2025\\\/02\\\/logo-1.svg\",\"width\":\"1024\",\"height\":\"1024\",\"caption\":\"Goris Group\"},\"image\":{\"@id\":\"https:\\\/\\\/gorisgroup.com\\\/#\\\/schema\\\/logo\\\/image\\\/\"},\"sameAs\":[\"https:\\\/\\\/www.facebook.com\\\/gorisgroup\",\"https:\\\/\\\/x.com\\\/GorisGroup\",\"https:\\\/\\\/www.instagram.com\\\/gorisgroup\\\/\",\"https:\\\/\\\/www.youtube.com\\\/@gorisgroup\",\"https:\\\/\\\/www.linkedin.com\\\/company\\\/goris-group\\\/\"]}]}<\/script>\n<!-- \/ Yoast SEO plugin. -->","yoast_head_json":{"title":"Entre em contato conosco - Distribuidores da Am\u00e9rica Latina e Caribe","description":"+1 305 371 7170 - 1824 NW 21st Terrace, Miami, FL 33142 - sales@gorisgroup.com. Consultas sobre distribui\u00e7\u00e3o de produtos para a Am\u00e9rica Latina e o Caribe.","robots":{"index":"index","follow":"follow","max-snippet":"max-snippet:-1","max-image-preview":"max-image-preview:large","max-video-preview":"max-video-preview:-1"},"canonical":"https:\/\/gorisgroup.com\/pt-br\/contato\/","og_locale":"pt_BR","og_type":"article","og_title":"Entre em contato conosco - Distribuidores da Am\u00e9rica Latina e Caribe","og_description":"+1 305 371 7170 - 1824 NW 21st Terrace, Miami, FL 33142 - sales@gorisgroup.com. Consultas sobre distribui\u00e7\u00e3o de produtos para a Am\u00e9rica Latina e o Caribe.","og_url":"https:\/\/gorisgroup.com\/pt-br\/contato\/","og_site_name":"Goris Group","article_publisher":"https:\/\/www.facebook.com\/gorisgroup","article_modified_time":"2025-03-05T17:21:16+00:00","og_image":[{"width":1200,"height":675,"url":"https:\/\/gorisgroup.com\/wp-content\/uploads\/2025\/02\/site.jpg","type":"image\/jpeg"}],"twitter_card":"summary_large_image","twitter_site":"@GorisGroup","twitter_misc":{"Est. tempo de leitura":"1 minuto"},"schema":{"@context":"https:\/\/schema.org","@graph":[{"@type":"WebPage","@id":"https:\/\/gorisgroup.com\/pt-br\/contato\/","url":"https:\/\/gorisgroup.com\/pt-br\/contato\/","name":"Entre em contato conosco - Distribuidores da Am\u00e9rica Latina e Caribe","isPartOf":{"@id":"https:\/\/gorisgroup.com\/#website"},"datePublished":"2021-09-23T04:37:23+00:00","dateModified":"2025-03-05T17:21:16+00:00","description":"+1 305 371 7170 - 1824 NW 21st Terrace, Miami, FL 33142 - sales@gorisgroup.com. Consultas sobre distribui\u00e7\u00e3o de produtos para a Am\u00e9rica Latina e o Caribe.","breadcrumb":{"@id":"https:\/\/gorisgroup.com\/pt-br\/contato\/#breadcrumb"},"inLanguage":"pt-BR","potentialAction":[{"@type":"ReadAction","target":["https:\/\/gorisgroup.com\/pt-br\/contato\/"]}]},{"@type":"BreadcrumbList","@id":"https:\/\/gorisgroup.com\/pt-br\/contato\/#breadcrumb","itemListElement":[{"@type":"ListItem","position":1,"name":"Home","item":"https:\/\/gorisgroup.com\/pt-br\/"},{"@type":"ListItem","position":2,"name":"Entre em contato conosco"}]},{"@type":"WebSite","@id":"https:\/\/gorisgroup.com\/#website","url":"https:\/\/gorisgroup.com\/","name":"Goris Group","description":"Latin America and Caribbean Distribution","publisher":{"@id":"https:\/\/gorisgroup.com\/#organization"},"alternateName":"GG","potentialAction":[{"@type":"SearchAction","target":{"@type":"EntryPoint","urlTemplate":"https:\/\/gorisgroup.com\/?s={search_term_string}"},"query-input":{"@type":"PropertyValueSpecification","valueRequired":true,"valueName":"search_term_string"}}],"inLanguage":"pt-BR"},{"@type":"Organization","@id":"https:\/\/gorisgroup.com\/#organization","name":"Goris Group","alternateName":"GG","url":"https:\/\/gorisgroup.com\/","logo":{"@type":"ImageObject","inLanguage":"pt-BR","@id":"https:\/\/gorisgroup.com\/#\/schema\/logo\/image\/","url":"https:\/\/gorisgroup.com\/wp-content\/uploads\/2025\/02\/logo-1.svg","contentUrl":"https:\/\/gorisgroup.com\/wp-content\/uploads\/2025\/02\/logo-1.svg","width":"1024","height":"1024","caption":"Goris Group"},"image":{"@id":"https:\/\/gorisgroup.com\/#\/schema\/logo\/image\/"},"sameAs":["https:\/\/www.facebook.com\/gorisgroup","https:\/\/x.com\/GorisGroup","https:\/\/www.instagram.com\/gorisgroup\/","https:\/\/www.youtube.com\/@gorisgroup","https:\/\/www.linkedin.com\/company\/goris-group\/"]}]}},"_links":{"self":[{"href":"https:\/\/gorisgroup.com\/pt-br\/wp-json\/wp\/v2\/pages\/4130","targetHints":{"allow":["GET"]}}],"collection":[{"href":"https:\/\/gorisgroup.com\/pt-br\/wp-json\/wp\/v2\/pages"}],"about":[{"href":"https:\/\/gorisgroup.com\/pt-br\/wp-json\/wp\/v2\/types\/page"}],"author":[{"embeddable":true,"href":"https:\/\/gorisgroup.com\/pt-br\/wp-json\/wp\/v2\/users\/2"}],"replies":[{"embeddable":true,"href":"https:\/\/gorisgroup.com\/pt-br\/wp-json\/wp\/v2\/comments?post=4130"}],"version-history":[{"count":9,"href":"https:\/\/gorisgroup.com\/pt-br\/wp-json\/wp\/v2\/pages\/4130\/revisions"}],"predecessor-version":[{"id":6170,"href":"https:\/\/gorisgroup.com\/pt-br\/wp-json\/wp\/v2\/pages\/4130\/revisions\/6170"}],"wp:attachment":[{"href":"https:\/\/gorisgroup.com\/pt-br\/wp-json\/wp\/v2\/media?parent=4130"}],"curies":[{"name":"wp","href":"https:\/\/api.w.org\/{rel}","templated":true}]}}