{"id":4123,"date":"2021-09-23T03:46:27","date_gmt":"2021-09-23T03:46:27","guid":{"rendered":"https:\/\/gorisgroup.com\/produtos\/"},"modified":"2025-03-07T16:50:15","modified_gmt":"2025-03-07T16:50:15","slug":"produtos","status":"publish","type":"page","link":"https:\/\/gorisgroup.com\/pt-br\/produtos\/","title":{"rendered":"Produtos"},"content":{"rendered":"<div class=\"ltn__breadcrumb-area text-left bg-overlay-white-50 bg-image \" data-bs-bg=\"https:\/\/gorisgroup.com\/wp-content\/uploads\/2025\/02\/fondo_top_root.jpg\"><div class=\"container\"><div class=\"row\"><div class=\"col-lg-12\"><div class=\"ltn__breadcrumb-inner\"><div class=\"ltn__breadcrumb-list\"><ul><li><a href=\"\/pt-br\/\"><span class=\"ltn__secondary-color\"><i class=\"fas fa-home\"><\/i><\/span> Home<\/a><\/li><li><a href=\"\/pt-br\/\">Produtos<\/a><\/li><\/ul><\/div><\/div><\/div><\/div><\/div><\/div>\n<div class=\"ltn__gallery-area mb-90\">\n<div class=\"container\">\n<div class=\"ltn__gallery-active row ltn__gallery-style-1\">\n<div class=\"ltn__gallery-sizer col-1\"><\/div>\n<div class=\"ltn__gallery-item filter_category_2 col-md-4 col-sm-6 col-12\"><div class=\"ltn__gallery-item-inner\"><div class=\"ltn__gallery-item-img\"><a href=\"https:\/\/gorisgroup.com\/pt-br\/optica\/\"><img decoding=\"async\" src=\"https:\/\/gorisgroup.com\/wp-content\/uploads\/2025\/01\/9.jpg\" alt=\"Image\"><\/a><\/div><div class=\"ltn__gallery-item-info\"><h4><a href=\"https:\/\/gorisgroup.com\/pt-br\/optica\/\">\u00d3ptica<\/a><\/h4><p>Produtos<\/p><\/div><\/div><\/div><div class=\"ltn__gallery-item filter_category_2 col-md-4 col-sm-6 col-12\"><div class=\"ltn__gallery-item-inner\"><div class=\"ltn__gallery-item-img\"><a href=\"https:\/\/gorisgroup.com\/pt-br\/isqueiros\/\"><img decoding=\"async\" src=\"https:\/\/gorisgroup.com\/wp-content\/uploads\/2025\/01\/7.jpg\" alt=\"Image\"><\/a><\/div><div class=\"ltn__gallery-item-info\"><h4><a href=\"https:\/\/gorisgroup.com\/pt-br\/isqueiros\/\">Isqueiros<\/a><\/h4><p>Produtos<\/p><\/div><\/div><\/div><div class=\"ltn__gallery-item filter_category_2 col-md-4 col-sm-6 col-12\"><div class=\"ltn__gallery-item-inner\"><div class=\"ltn__gallery-item-img\"><a href=\"https:\/\/gorisgroup.com\/pt-br\/lanternas\/\"><img decoding=\"async\" src=\"https:\/\/gorisgroup.com\/wp-content\/uploads\/2025\/01\/2.jpg\" alt=\"Image\"><\/a><\/div><div class=\"ltn__gallery-item-info\"><h4><a href=\"https:\/\/gorisgroup.com\/pt-br\/lanternas\/\">Lanternas<\/a><\/h4><p>Coast | Princeton Tec | Maglite | Nite Ize<\/p><\/div><\/div><\/div><div class=\"ltn__gallery-item filter_category_2 col-md-4 col-sm-6 col-12\"><div class=\"ltn__gallery-item-inner\"><div class=\"ltn__gallery-item-img\"><a href=\"https:\/\/gorisgroup.com\/pt-br\/facas\/\"><img decoding=\"async\" src=\"https:\/\/gorisgroup.com\/wp-content\/uploads\/2025\/01\/6.jpg\" alt=\"Image\"><\/a><\/div><div class=\"ltn__gallery-item-info\"><h4><a href=\"https:\/\/gorisgroup.com\/pt-br\/facas\/\">Facas<\/a><\/h4><p>Benchmade | Smith's | Coast | SOG<\/p><\/div><\/div><\/div><div class=\"ltn__gallery-item filter_category_2 col-md-4 col-sm-6 col-12\"><div class=\"ltn__gallery-item-inner\"><div class=\"ltn__gallery-item-img\"><a href=\"https:\/\/gorisgroup.com\/pt-br\/afiadores\/\"><img decoding=\"async\" src=\"https:\/\/gorisgroup.com\/wp-content\/uploads\/2025\/01\/10.jpg\" alt=\"Image\"><\/a><\/div><div class=\"ltn__gallery-item-info\"><h4><a href=\"https:\/\/gorisgroup.com\/pt-br\/afiadores\/\">Afiadores<\/a><\/h4><p>Smith's<\/p><\/div><\/div><\/div><div class=\"ltn__gallery-item filter_category_2 col-md-4 col-sm-6 col-12\"><div class=\"ltn__gallery-item-inner\"><div class=\"ltn__gallery-item-img\"><a href=\"https:\/\/gorisgroup.com\/pt-br\/multiferramentas\/\"><img decoding=\"async\" src=\"https:\/\/gorisgroup.com\/wp-content\/uploads\/2025\/01\/8.jpg\" alt=\"Image\"><\/a><\/div><div class=\"ltn__gallery-item-info\"><h4><a href=\"https:\/\/gorisgroup.com\/pt-br\/multiferramentas\/\">Multiferramentas<\/a><\/h4><p>Coast | Smith's | SOG<\/p><\/div><\/div><\/div><div class=\"ltn__gallery-item filter_category_2 col-md-4 col-sm-6 col-12\"><div class=\"ltn__gallery-item-inner\"><div class=\"ltn__gallery-item-img\"><a href=\"https:\/\/gorisgroup.com\/pt-br\/solucoes-de-resfriamento-e-hidratacao\/\"><img decoding=\"async\" src=\"https:\/\/gorisgroup.com\/wp-content\/uploads\/2025\/02\/12.jpg\" alt=\"Image\"><\/a><\/div><div class=\"ltn__gallery-item-info\"><h4><a href=\"https:\/\/gorisgroup.com\/pt-br\/solucoes-de-resfriamento-e-hidratacao\/\">Solu\u00e7\u00f5es de resfriamento e hidrata\u00e7\u00e3o<\/a><\/h4><p>EcoVessel | O2Cool | Treva<\/p><\/div><\/div><\/div><div class=\"ltn__gallery-item filter_category_2 col-md-4 col-sm-6 col-12\"><div class=\"ltn__gallery-item-inner\"><div class=\"ltn__gallery-item-img\"><a href=\"https:\/\/gorisgroup.com\/pt-br\/solucoes-de-armazenamento-de-alimentos\/\"><img decoding=\"async\" src=\"https:\/\/gorisgroup.com\/wp-content\/uploads\/2025\/02\/14.jpg\" alt=\"Image\"><\/a><\/div><div class=\"ltn__gallery-item-info\"><h4><a href=\"https:\/\/gorisgroup.com\/pt-br\/solucoes-de-armazenamento-de-alimentos\/\">Solu\u00e7\u00f5es de armazenamento de alimentos<\/a><\/h4><p>LunchBots | U Konserve<\/p><\/div><\/div><\/div><div class=\"ltn__gallery-item filter_category_2 col-md-4 col-sm-6 col-12\"><div class=\"ltn__gallery-item-inner\"><div class=\"ltn__gallery-item-img\"><a href=\"https:\/\/gorisgroup.com\/pt-br\/produtos-para-bebes-e-criancas-pequenas\/\"><img decoding=\"async\" src=\"https:\/\/gorisgroup.com\/wp-content\/uploads\/2025\/02\/13.jpg\" alt=\"Image\"><\/a><\/div><div class=\"ltn__gallery-item-info\"><h4><a href=\"https:\/\/gorisgroup.com\/pt-br\/produtos-para-bebes-e-criancas-pequenas\/\">Produtos para beb\u00eas e crian\u00e7as pequenas<\/a><\/h4><p>Green Sprouts<\/p><\/div><\/div><\/div><div class=\"ltn__gallery-item filter_category_2 col-md-4 col-sm-6 col-12\"><div class=\"ltn__gallery-item-inner\"><div class=\"ltn__gallery-item-img\"><a href=\"https:\/\/gorisgroup.com\/pt-br\/oculos-de-sol\/\"><img decoding=\"async\" src=\"https:\/\/gorisgroup.com\/wp-content\/uploads\/2025\/01\/11-3.jpg\" alt=\"Image\"><\/a><\/div><div class=\"ltn__gallery-item-info\"><h4><a href=\"https:\/\/gorisgroup.com\/pt-br\/oculos-de-sol\/\">Oculos de sol<\/a><\/h4><p>Serengeti | Boll\u00e9 | SPY Optic<\/p><\/div><\/div><\/div><div class=\"ltn__gallery-item filter_category_2 col-md-4 col-sm-6 col-12\"><div class=\"ltn__gallery-item-inner\"><div class=\"ltn__gallery-item-img\"><a href=\"https:\/\/gorisgroup.com\/pt-br\/produtos-inovadores\/\"><img decoding=\"async\" src=\"https:\/\/gorisgroup.com\/wp-content\/uploads\/2025\/01\/5.jpg\" alt=\"Image\"><\/a><\/div><div class=\"ltn__gallery-item-info\"><h4><a href=\"https:\/\/gorisgroup.com\/pt-br\/produtos-inovadores\/\">Produtos inovadores<\/a><\/h4><p>Nite Ize<\/p><\/div><\/div><\/div><div class=\"ltn__gallery-item filter_category_2 col-md-4 col-sm-6 col-12\"><div class=\"ltn__gallery-item-inner\"><div class=\"ltn__gallery-item-img\"><a href=\"https:\/\/gorisgroup.com\/pt-br\/acessorios-para-armas\/\"><img decoding=\"async\" src=\"https:\/\/gorisgroup.com\/wp-content\/uploads\/2025\/02\/15.jpg\" alt=\"Image\"><\/a><\/div><div class=\"ltn__gallery-item-info\"><h4><a href=\"https:\/\/gorisgroup.com\/pt-br\/acessorios-para-armas\/\">Acess\u00f3rios<\/a><\/h4><p>Primos | Blackhawk | Hoppe's | Uncle Mike's | Champion | Butler Creek<\/p><\/div><\/div><\/div><\/div>\n<\/div><\/div>\n<\/p><\/div>\n<div class=\"seo-hidden\">\nGoris Group is a leading distributor and seller of world-renowned brands in Latin America and the Caribbean.<\/p>\n<p>Our extensive portfolio includes celebrated names such as:<br \/>\n<a href=\"https:\/\/gorisgroup.com\/bushnell\/\">Bushnell<\/a>, <a href=\"https:\/\/gorisgroup.com\/pt-br\/celestron\/\">Celestron<\/a>, <a href=\"https:\/\/gorisgroup.com\/pt-br\/tasco\/\">Tasco<\/a>, <a href=\"https:\/\/gorisgroup.com\/pt-br\/simmons\/\">Simmons<\/a>, <a href=\"https:\/\/gorisgroup.com\/pt-br\/zippo\/\">Zippo<\/a>, <a href=\"https:\/\/gorisgroup.com\/pt-br\/ronson\/\">Ronson<\/a>, <a href=\"https:\/\/gorisgroup.com\/pt-br\/coast\/\">Coast<\/a>, <a href=\"https:\/\/gorisgroup.com\/pt-br\/marcas\/\">Maglite<\/a>, <a href=\"https:\/\/gorisgroup.com\/pt-br\/princeton-tec\/\">Princeton Tec<\/a>, <a href=\"https:\/\/gorisgroup.com\/pt-br\/nite-ize\/\">Nite Ize<\/a>, <a href=\"https:\/\/gorisgroup.com\/pt-br\/smiths\/\">Smith&#8217;s<\/a>, <a href=\"https:\/\/gorisgroup.com\/pt-br\/benchmade\/\">Benchmade<\/a>, <a href=\"https:\/\/gorisgroup.com\/pt-br\/ecovessel\/\">Ecovessel<\/a>, <a href=\"https:\/\/gorisgroup.com\/pt-br\/o2cool\/\">O2Cool<\/a>, <a href=\"https:\/\/gorisgroup.com\/pt-br\/green-sprouts\/\">Green Sprouts<\/a>, <a href=\"https:\/\/gorisgroup.com\/pt-br\/lunchbots\/\">LunchBots<\/a>, <a href=\"https:\/\/gorisgroup.com\/pt-br\/treva\/\">Treva<\/a>, <a href=\"https:\/\/gorisgroup.com\/pt-br\/u-konserve\/\">U-Konserve<\/a>, <a href=\"https:\/\/gorisgroup.com\/pt-br\/primos\/\">Primos<\/a>, <a href=\"https:\/\/gorisgroup.com\/pt-br\/hoppes\/\">Hoppe&#8217;s<\/a>, <a href=\"https:\/\/gorisgroup.com\/pt-br\/blackhawk\/\">Blackhawk<\/a>, <a href=\"https:\/\/gorisgroup.com\/pt-br\/uncle-mikes\/\">Uncle Mike&#8217;s<\/a>, <a href=\"https:\/\/gorisgroup.com\/pt-br\/champion\/\">Champion<\/a>, <a href=\"https:\/\/gorisgroup.com\/pt-br\/butler-creek\/\">Butler Creek<\/a>, <a href=\"https:\/\/gorisgroup.com\/pt-br\/serengeti\/\">Serengeti<\/a>, <a href=\"https:\/\/gorisgroup.com\/pt-br\/parafuso\/\">Bolle<\/a>, <a href=\"https:\/\/gorisgroup.com\/pt-br\/spy\/\">Spy Optics<\/a>.<\/p>\n<p>We pride ourselves on exclusively partnering with exceptional brands that have a long-standing reputation for quality and durability.\n<\/p><\/div>\n","protected":false},"excerpt":{"rendered":"Goris Group is a leading distributor and seller of world-renowned brands in Latin America and the Caribbean. Our extensive portfolio includes celebrated names such as: Bushnell, Celestron, Tasco, Simmons, Zippo, Ronson, Coast, Maglite, Princeton Tec, Nite Ize, Smith&#8217;s, Benchmade, Ecovessel, O2Cool, Green Sprouts, LunchBots, Treva, U-Konserve, Primos, Hoppe&#8217;s, Blackhawk, Uncle Mike&#8217;s, Champion, Butler Creek, Serengeti, [&hellip;]","protected":false},"author":2,"featured_media":6108,"parent":0,"menu_order":0,"comment_status":"closed","ping_status":"closed","template":"","meta":{"content-type":"","inline_featured_image":false,"footnotes":""},"class_list":["post-4123","page","type-page","status-publish","has-post-thumbnail","hentry"],"yoast_head":"<!-- This site is optimized with the Yoast SEO plugin v27.4 - https:\/\/yoast.com\/product\/yoast-seo-wordpress\/ -->\n<title>Produtos - Distribuidores da Am\u00e9rica Latina e Caribe<\/title>\n<meta name=\"description\" content=\"Distribuidores Am\u00e9rica Latina Caribe - \u00d3ticas - Isqueiros - Lanternas - Facas - Multiferramentas - Acess\u00f3rios - Facas profissionais em Miami\" \/>\n<meta name=\"robots\" content=\"index, follow, max-snippet:-1, max-image-preview:large, max-video-preview:-1\" \/>\n<link rel=\"canonical\" href=\"https:\/\/gorisgroup.com\/pt-br\/produtos\/\" \/>\n<meta property=\"og:locale\" content=\"pt_BR\" \/>\n<meta property=\"og:type\" content=\"article\" \/>\n<meta property=\"og:title\" content=\"Produtos - Distribuidores da Am\u00e9rica Latina e Caribe\" \/>\n<meta property=\"og:description\" content=\"Distribuidores Am\u00e9rica Latina Caribe - \u00d3ticas - Isqueiros - Lanternas - Facas - Multiferramentas - Acess\u00f3rios - Facas profissionais em Miami\" \/>\n<meta property=\"og:url\" content=\"https:\/\/gorisgroup.com\/pt-br\/produtos\/\" \/>\n<meta property=\"og:site_name\" content=\"Goris Group\" \/>\n<meta property=\"article:publisher\" content=\"https:\/\/www.facebook.com\/gorisgroup\" \/>\n<meta property=\"article:modified_time\" content=\"2025-03-07T16:50:15+00:00\" \/>\n<meta property=\"og:image\" content=\"https:\/\/gorisgroup.com\/wp-content\/uploads\/2025\/03\/goris-group.jpg\" \/>\n\t<meta property=\"og:image:width\" content=\"400\" \/>\n\t<meta property=\"og:image:height\" content=\"300\" \/>\n\t<meta property=\"og:image:type\" content=\"image\/jpeg\" \/>\n<meta name=\"twitter:card\" content=\"summary_large_image\" \/>\n<meta name=\"twitter:site\" content=\"@GorisGroup\" \/>\n<meta name=\"twitter:label1\" content=\"Est. tempo de leitura\" \/>\n\t<meta name=\"twitter:data1\" content=\"1 minuto\" \/>\n<script type=\"application\/ld+json\" class=\"yoast-schema-graph\">{\"@context\":\"https:\\\/\\\/schema.org\",\"@graph\":[{\"@type\":\"WebPage\",\"@id\":\"https:\\\/\\\/gorisgroup.com\\\/pt-br\\\/produtos\\\/\",\"url\":\"https:\\\/\\\/gorisgroup.com\\\/pt-br\\\/produtos\\\/\",\"name\":\"Produtos - Distribuidores da Am\u00e9rica Latina e Caribe\",\"isPartOf\":{\"@id\":\"https:\\\/\\\/gorisgroup.com\\\/#website\"},\"primaryImageOfPage\":{\"@id\":\"https:\\\/\\\/gorisgroup.com\\\/pt-br\\\/produtos\\\/#primaryimage\"},\"image\":{\"@id\":\"https:\\\/\\\/gorisgroup.com\\\/pt-br\\\/produtos\\\/#primaryimage\"},\"thumbnailUrl\":\"https:\\\/\\\/gorisgroup.com\\\/wp-content\\\/uploads\\\/2025\\\/03\\\/goris-group.jpg\",\"datePublished\":\"2021-09-23T03:46:27+00:00\",\"dateModified\":\"2025-03-07T16:50:15+00:00\",\"description\":\"Distribuidores Am\u00e9rica Latina Caribe - \u00d3ticas - Isqueiros - Lanternas - Facas - Multiferramentas - Acess\u00f3rios - Facas profissionais em Miami\",\"breadcrumb\":{\"@id\":\"https:\\\/\\\/gorisgroup.com\\\/pt-br\\\/produtos\\\/#breadcrumb\"},\"inLanguage\":\"pt-BR\",\"potentialAction\":[{\"@type\":\"ReadAction\",\"target\":[\"https:\\\/\\\/gorisgroup.com\\\/pt-br\\\/produtos\\\/\"]}]},{\"@type\":\"ImageObject\",\"inLanguage\":\"pt-BR\",\"@id\":\"https:\\\/\\\/gorisgroup.com\\\/pt-br\\\/produtos\\\/#primaryimage\",\"url\":\"https:\\\/\\\/gorisgroup.com\\\/wp-content\\\/uploads\\\/2025\\\/03\\\/goris-group.jpg\",\"contentUrl\":\"https:\\\/\\\/gorisgroup.com\\\/wp-content\\\/uploads\\\/2025\\\/03\\\/goris-group.jpg\",\"width\":400,\"height\":300},{\"@type\":\"BreadcrumbList\",\"@id\":\"https:\\\/\\\/gorisgroup.com\\\/pt-br\\\/produtos\\\/#breadcrumb\",\"itemListElement\":[{\"@type\":\"ListItem\",\"position\":1,\"name\":\"Home\",\"item\":\"https:\\\/\\\/gorisgroup.com\\\/pt-br\\\/\"},{\"@type\":\"ListItem\",\"position\":2,\"name\":\"Produtos\"}]},{\"@type\":\"WebSite\",\"@id\":\"https:\\\/\\\/gorisgroup.com\\\/#website\",\"url\":\"https:\\\/\\\/gorisgroup.com\\\/\",\"name\":\"Goris Group\",\"description\":\"Latin America and Caribbean Distribution\",\"publisher\":{\"@id\":\"https:\\\/\\\/gorisgroup.com\\\/#organization\"},\"alternateName\":\"GG\",\"potentialAction\":[{\"@type\":\"SearchAction\",\"target\":{\"@type\":\"EntryPoint\",\"urlTemplate\":\"https:\\\/\\\/gorisgroup.com\\\/?s={search_term_string}\"},\"query-input\":{\"@type\":\"PropertyValueSpecification\",\"valueRequired\":true,\"valueName\":\"search_term_string\"}}],\"inLanguage\":\"pt-BR\"},{\"@type\":\"Organization\",\"@id\":\"https:\\\/\\\/gorisgroup.com\\\/#organization\",\"name\":\"Goris Group\",\"alternateName\":\"GG\",\"url\":\"https:\\\/\\\/gorisgroup.com\\\/\",\"logo\":{\"@type\":\"ImageObject\",\"inLanguage\":\"pt-BR\",\"@id\":\"https:\\\/\\\/gorisgroup.com\\\/#\\\/schema\\\/logo\\\/image\\\/\",\"url\":\"https:\\\/\\\/gorisgroup.com\\\/wp-content\\\/uploads\\\/2025\\\/02\\\/logo-1.svg\",\"contentUrl\":\"https:\\\/\\\/gorisgroup.com\\\/wp-content\\\/uploads\\\/2025\\\/02\\\/logo-1.svg\",\"width\":\"1024\",\"height\":\"1024\",\"caption\":\"Goris Group\"},\"image\":{\"@id\":\"https:\\\/\\\/gorisgroup.com\\\/#\\\/schema\\\/logo\\\/image\\\/\"},\"sameAs\":[\"https:\\\/\\\/www.facebook.com\\\/gorisgroup\",\"https:\\\/\\\/x.com\\\/GorisGroup\",\"https:\\\/\\\/www.instagram.com\\\/gorisgroup\\\/\",\"https:\\\/\\\/www.youtube.com\\\/@gorisgroup\",\"https:\\\/\\\/www.linkedin.com\\\/company\\\/goris-group\\\/\"]}]}<\/script>\n<!-- \/ Yoast SEO plugin. -->","yoast_head_json":{"title":"Produtos - Distribuidores da Am\u00e9rica Latina e Caribe","description":"Distribuidores Am\u00e9rica Latina Caribe - \u00d3ticas - Isqueiros - Lanternas - Facas - Multiferramentas - Acess\u00f3rios - Facas profissionais em Miami","robots":{"index":"index","follow":"follow","max-snippet":"max-snippet:-1","max-image-preview":"max-image-preview:large","max-video-preview":"max-video-preview:-1"},"canonical":"https:\/\/gorisgroup.com\/pt-br\/produtos\/","og_locale":"pt_BR","og_type":"article","og_title":"Produtos - Distribuidores da Am\u00e9rica Latina e Caribe","og_description":"Distribuidores Am\u00e9rica Latina Caribe - \u00d3ticas - Isqueiros - Lanternas - Facas - Multiferramentas - Acess\u00f3rios - Facas profissionais em Miami","og_url":"https:\/\/gorisgroup.com\/pt-br\/produtos\/","og_site_name":"Goris Group","article_publisher":"https:\/\/www.facebook.com\/gorisgroup","article_modified_time":"2025-03-07T16:50:15+00:00","og_image":[{"width":400,"height":300,"url":"https:\/\/gorisgroup.com\/wp-content\/uploads\/2025\/03\/goris-group.jpg","type":"image\/jpeg"}],"twitter_card":"summary_large_image","twitter_site":"@GorisGroup","twitter_misc":{"Est. tempo de leitura":"1 minuto"},"schema":{"@context":"https:\/\/schema.org","@graph":[{"@type":"WebPage","@id":"https:\/\/gorisgroup.com\/pt-br\/produtos\/","url":"https:\/\/gorisgroup.com\/pt-br\/produtos\/","name":"Produtos - Distribuidores da Am\u00e9rica Latina e Caribe","isPartOf":{"@id":"https:\/\/gorisgroup.com\/#website"},"primaryImageOfPage":{"@id":"https:\/\/gorisgroup.com\/pt-br\/produtos\/#primaryimage"},"image":{"@id":"https:\/\/gorisgroup.com\/pt-br\/produtos\/#primaryimage"},"thumbnailUrl":"https:\/\/gorisgroup.com\/wp-content\/uploads\/2025\/03\/goris-group.jpg","datePublished":"2021-09-23T03:46:27+00:00","dateModified":"2025-03-07T16:50:15+00:00","description":"Distribuidores Am\u00e9rica Latina Caribe - \u00d3ticas - Isqueiros - Lanternas - Facas - Multiferramentas - Acess\u00f3rios - Facas profissionais em Miami","breadcrumb":{"@id":"https:\/\/gorisgroup.com\/pt-br\/produtos\/#breadcrumb"},"inLanguage":"pt-BR","potentialAction":[{"@type":"ReadAction","target":["https:\/\/gorisgroup.com\/pt-br\/produtos\/"]}]},{"@type":"ImageObject","inLanguage":"pt-BR","@id":"https:\/\/gorisgroup.com\/pt-br\/produtos\/#primaryimage","url":"https:\/\/gorisgroup.com\/wp-content\/uploads\/2025\/03\/goris-group.jpg","contentUrl":"https:\/\/gorisgroup.com\/wp-content\/uploads\/2025\/03\/goris-group.jpg","width":400,"height":300},{"@type":"BreadcrumbList","@id":"https:\/\/gorisgroup.com\/pt-br\/produtos\/#breadcrumb","itemListElement":[{"@type":"ListItem","position":1,"name":"Home","item":"https:\/\/gorisgroup.com\/pt-br\/"},{"@type":"ListItem","position":2,"name":"Produtos"}]},{"@type":"WebSite","@id":"https:\/\/gorisgroup.com\/#website","url":"https:\/\/gorisgroup.com\/","name":"Goris Group","description":"Latin America and Caribbean Distribution","publisher":{"@id":"https:\/\/gorisgroup.com\/#organization"},"alternateName":"GG","potentialAction":[{"@type":"SearchAction","target":{"@type":"EntryPoint","urlTemplate":"https:\/\/gorisgroup.com\/?s={search_term_string}"},"query-input":{"@type":"PropertyValueSpecification","valueRequired":true,"valueName":"search_term_string"}}],"inLanguage":"pt-BR"},{"@type":"Organization","@id":"https:\/\/gorisgroup.com\/#organization","name":"Goris Group","alternateName":"GG","url":"https:\/\/gorisgroup.com\/","logo":{"@type":"ImageObject","inLanguage":"pt-BR","@id":"https:\/\/gorisgroup.com\/#\/schema\/logo\/image\/","url":"https:\/\/gorisgroup.com\/wp-content\/uploads\/2025\/02\/logo-1.svg","contentUrl":"https:\/\/gorisgroup.com\/wp-content\/uploads\/2025\/02\/logo-1.svg","width":"1024","height":"1024","caption":"Goris Group"},"image":{"@id":"https:\/\/gorisgroup.com\/#\/schema\/logo\/image\/"},"sameAs":["https:\/\/www.facebook.com\/gorisgroup","https:\/\/x.com\/GorisGroup","https:\/\/www.instagram.com\/gorisgroup\/","https:\/\/www.youtube.com\/@gorisgroup","https:\/\/www.linkedin.com\/company\/goris-group\/"]}]}},"_links":{"self":[{"href":"https:\/\/gorisgroup.com\/pt-br\/wp-json\/wp\/v2\/pages\/4123","targetHints":{"allow":["GET"]}}],"collection":[{"href":"https:\/\/gorisgroup.com\/pt-br\/wp-json\/wp\/v2\/pages"}],"about":[{"href":"https:\/\/gorisgroup.com\/pt-br\/wp-json\/wp\/v2\/types\/page"}],"author":[{"embeddable":true,"href":"https:\/\/gorisgroup.com\/pt-br\/wp-json\/wp\/v2\/users\/2"}],"replies":[{"embeddable":true,"href":"https:\/\/gorisgroup.com\/pt-br\/wp-json\/wp\/v2\/comments?post=4123"}],"version-history":[{"count":3,"href":"https:\/\/gorisgroup.com\/pt-br\/wp-json\/wp\/v2\/pages\/4123\/revisions"}],"predecessor-version":[{"id":6174,"href":"https:\/\/gorisgroup.com\/pt-br\/wp-json\/wp\/v2\/pages\/4123\/revisions\/6174"}],"wp:featuredmedia":[{"embeddable":true,"href":"https:\/\/gorisgroup.com\/pt-br\/wp-json\/wp\/v2\/media\/6108"}],"wp:attachment":[{"href":"https:\/\/gorisgroup.com\/pt-br\/wp-json\/wp\/v2\/media?parent=4123"}],"curies":[{"name":"wp","href":"https:\/\/api.w.org\/{rel}","templated":true}]}}