{"id":4087,"date":"2025-02-03T21:48:05","date_gmt":"2025-02-03T21:48:05","guid":{"rendered":"https:\/\/gorisgroup.com\/sobre-nos\/"},"modified":"2025-03-05T17:19:12","modified_gmt":"2025-03-05T17:19:12","slug":"sobre-nos","status":"publish","type":"page","link":"https:\/\/gorisgroup.com\/pt-br\/sobre-nos\/","title":{"rendered":"Sobre n\u00f3s"},"content":{"rendered":"<p><div class=\"ltn__breadcrumb-area text-left bg-overlay-white-50 bg-image \" data-bs-bg=\"https:\/\/gorisgroup.com\/wp-content\/uploads\/2025\/02\/fondo_top_root.jpg\"><div class=\"container\"><div class=\"row\"><div class=\"col-lg-12\"><div class=\"ltn__breadcrumb-inner\"><div class=\"ltn__breadcrumb-list\"><ul><li><a href=\"\/pt-br\/\"><span class=\"ltn__secondary-color\"><i class=\"fas fa-home\"><\/i><\/span> Home<\/a><\/li><li><a href=\"\/pt-br\/\">Sobre n\u00f3s<\/a><\/li><\/ul><\/div><\/div><\/div><\/div><\/div><\/div><br \/>\n<div class=\"col-lg-12\"><div class=\"ltn__about-us-area\"><div class=\"container\"><div class=\"row\"><div class=\"col-lg-12 align-self-center\"><div class=\"about-us-info-wrap\"><div\n                            class=\"section-title-area ltn__section-title-2--- mb-20 text-center\"\n                        ><h2><span\n                                    >O Grupo Goris comercializa marcas l\u00edderes como Bushnell, Celestron e Zippo, distribuindo produtos inovadores que atingem milhares de clientes na Am\u00e9rica Latina<\/span\n                                ><\/h2><br \/><\/div><\/div><\/div><\/div><\/div><\/div><\/div><div class=\"ltn__img-slider-area mb-10\"><div class=\"container-fluid\"><div\n            class=\"row ltn__image-slider-5-active slick-arrow-1 slick-arrow-1-inner ltn__no-gutter-all\"\n        ><div class=\"col-lg-12\"><div class=\"ltn__img-slide-item-4\"><a\n                                href=\"https:\/\/gorisgroup.com\/wp-content\/uploads\/2025\/02\/32-1.jpg\"\n                                data-rel=\"lightcase:myCollection\"\n                                ><img decoding=\"async\"\n                                    src=\"https:\/\/gorisgroup.com\/wp-content\/uploads\/2025\/02\/32-1.jpg\"\n                                    alt=\"Image\"\n                            \/><\/a><\/div><\/div><div class=\"col-lg-12\"><div class=\"ltn__img-slide-item-4\"><a\n                                href=\"https:\/\/gorisgroup.com\/wp-content\/uploads\/2025\/02\/34-1.jpg\"\n                                data-rel=\"lightcase:myCollection\"\n                                ><img decoding=\"async\"\n                                    src=\"https:\/\/gorisgroup.com\/wp-content\/uploads\/2025\/02\/34-1.jpg\"\n                                    alt=\"Image\"\n                            \/><\/a><\/div><\/div><div class=\"col-lg-12\"><div class=\"ltn__img-slide-item-4\"><a\n                                href=\"https:\/\/gorisgroup.com\/wp-content\/uploads\/2025\/02\/31-1.jpg\"\n                                data-rel=\"lightcase:myCollection\"\n                                ><img decoding=\"async\"\n                                    src=\"https:\/\/gorisgroup.com\/wp-content\/uploads\/2025\/02\/31-1.jpg\"\n                                    alt=\"Image\"\n                            \/><\/a><\/div><\/div><div class=\"col-lg-12\"><div class=\"ltn__img-slide-item-4\"><a\n                                href=\"https:\/\/gorisgroup.com\/wp-content\/uploads\/2025\/02\/32__-2-1.jpg\"\n                                data-rel=\"lightcase:myCollection\"\n                                ><img decoding=\"async\"\n                                    src=\"https:\/\/gorisgroup.com\/wp-content\/uploads\/2025\/02\/32__-2-1.jpg\"\n                                    alt=\"Image\"\n                            \/><\/a><\/div><\/div><div class=\"col-lg-12\"><div class=\"ltn__img-slide-item-4\"><a\n                                href=\"https:\/\/gorisgroup.com\/wp-content\/uploads\/2025\/02\/35-1.jpg\"\n                                data-rel=\"lightcase:myCollection\"\n                                ><img decoding=\"async\"\n                                    src=\"https:\/\/gorisgroup.com\/wp-content\/uploads\/2025\/02\/35-1.jpg\"\n                                    alt=\"Image\"\n                            \/><\/a><\/div><\/div><div class=\"col-lg-12\"><div class=\"ltn__img-slide-item-4\"><a\n                                href=\"https:\/\/gorisgroup.com\/wp-content\/uploads\/2025\/02\/33-1.jpg\"\n                                data-rel=\"lightcase:myCollection\"\n                                ><img decoding=\"async\"\n                                    src=\"https:\/\/gorisgroup.com\/wp-content\/uploads\/2025\/02\/33-1.jpg\"\n                                    alt=\"Image\"\n                            \/><\/a><\/div><\/div><\/div><\/div><\/div><div class=\"ltn__page-details-area ltn__portfolio-details-area mb-105\"><div class=\"container\"><div class=\"row\"><div class=\"col-lg-12\"><div class=\"ltn__about-us-area\"><div class=\"container\"><div class=\"row\"><div class=\"col-lg-12 align-self-center\"><div class=\"about-us-info-wrap\"><div\n                                        class=\"section-title-area ltn__section-title-2--- mb-20\"\n                                    ><p>\n                                            Desde o in\u00edcio, trabalhamos incansavelmente para fornecer produtos de qualidade excepcional, com base na inova\u00e7\u00e3o constante e no compromisso com nossos clientes.\r\n<br>\r\n<br>\r\nNosso extenso portf\u00f3lio inclui nomes c\u00e9lebres como:<br \/>\r\n<strong>Bushnell, Celestron, Tasco, Simmons, Zippo, Ronson, Coast, Maglite, Princeton Tec, Nite Ize, Smith's, Benchmade, Ecovessel, O2Cool, Green Sprouts, LunchBots, Treva, U-Konserve, Primos, Hoppe's, Blackhawk, Uncle Mike's, Champion, Butler Creek, Serengeti, Bolle, Spy Optics.<\/strong>\n                                        <\/p><\/div><\/div>\n                            <\/div>\n                        <\/div>\n                    <\/div>\n                <\/div>\n            <\/div><div class=\"col-lg-12\">\n                <div class=\"ltn__about-us-area\">\n                    <div class=\"container\">\n                        <div class=\"row\">\n                            <div class=\"col-lg-5 align-self-center\">\n                                <div\n                                    class=\"about-us-img-wrap ltn__img-shape-left about-img-left\"\n                                ><img decoding=\"async\"\n                                        src=\"https:\/\/gorisgroup.com\/wp-content\/uploads\/2025\/03\/about_home2.jpg\"\n                                        alt=\"Image\"\n                                    \/><\/div>\n                            <\/div>\n                            <div class=\"col-lg-7 align-self-center\">\n                                <div class=\"about-us-info-wrap\">\n                                    <div\n                                        class=\"section-title-area ltn__section-title-2--- mb-20\"\n                                    >\n                                        <div\n                                            class=\"ltn__blog-item ltn__blog-item-5 ltn__blog-item-quote bg-image bg-overlay-theme-90\"\n                                            data-bs-bg=\"https:\/\/gorisgroup.com\/wp-content\/uploads\/2025\/02\/3.jpg\"\n                                        >\n                                            <div class=\"ltn__blog-brief\">\n                                                <blockquote>\n                                                    <h1>\n                                                        Vislumbramos um futuro em que o Grupo Goris seja reconhecido n\u00e3o apenas como l\u00edder de mercado, mas tamb\u00e9m como um modelo de crescimento sustent\u00e1vel e inova\u00e7\u00e3o constante.\n                                                    <\/h1>\n                                                <\/blockquote>\n                                            <\/div>\n                                        <\/div>\n                                        <p>\n                                            <strong>Nossa miss\u00e3o \u00e9<\/strong> ser uma refer\u00eancia no mercado de produtos especializados, oferecendo aos nossos clientes solu\u00e7\u00f5es inovadoras e um servi\u00e7o impec\u00e1vel. Valorizamos a confian\u00e7a, a responsabilidade e o trabalho em equipe, pilares fundamentais que orientam nossas a\u00e7\u00f5es todos os dias.\r\n<br \/><br \/>\r\n<strong>Olhamos para o futurocom<\/strong> o mesmo entusiasmo de sempre, cientes de que o crescimento sustentado de nossa empresa \u00e9 o resultado dos esfor\u00e7os de todos n\u00f3s que fazemos parte do Grupo Goris. Somos uma empresa unida pelo compromisso de oferecer o melhor aos nossos clientes e de continuar avan\u00e7ando como l\u00edderes de mercado.\n                                        <\/p>\n                                    <\/div>\n                                <\/div>\n                            <\/div>\n                        <\/div>\n                    <\/div>\n                <\/div>\n            <\/div>\n        <\/div>\n    <\/div>\n<\/div>\n<div class=\"col-lg-12 align-self-center\">\n    <div class=\"about-us-info-wrap\">\n        <div\n            class=\"section-title-area ltn__section-title-2--- mb-20 text-center\"\n        >\n            <h4><span>Some of our important brands.<\/span><\/h4>\n            <br \/>\n        <\/div>\n    <\/div>\n<\/div>\n<div class=\"ltn__brand-logo-area ltn__brand-logo-1 pt-80--- pb-110 plr--9\">\n    <div class=\"container-fluid\">\n        <div class=\"row ltn__brand-logo-active\"><div class=\"col-lg-12\">\n                <div class=\"ltn__brand-logo-item\">\n                    <img decoding=\"async\"\n                        src=\"https:\/\/gorisgroup.com\/wp-content\/uploads\/2025\/01\/celestron.svg\"\n                        alt=\"Brand Logo\"\n                    \/>\n                <\/div>\n            <\/div><div class=\"col-lg-12\">\n                <div class=\"ltn__brand-logo-item\">\n                    <img decoding=\"async\"\n                        src=\"https:\/\/gorisgroup.com\/wp-content\/uploads\/2025\/01\/logo_bushnell.svg\"\n                        alt=\"Brand Logo\"\n                    \/>\n                <\/div>\n            <\/div><div class=\"col-lg-12\">\n                <div class=\"ltn__brand-logo-item\">\n                    <img decoding=\"async\"\n                        src=\"https:\/\/gorisgroup.com\/wp-content\/uploads\/2025\/01\/zippo.svg\"\n                        alt=\"Brand Logo\"\n                    \/>\n                <\/div>\n            <\/div><\/div>\n    <\/div>\n<\/div><\/p>\n<div class=\"seo-hidden\">\nGoris Group is a leading distributor and seller of world-renowned brands in Latin America and the Caribbean.<\/p>\n<p>Our extensive portfolio includes celebrated names such as:<br \/>\n<a href=\"https:\/\/gorisgroup.com\/bushnell\/\">Bushnell<\/a>, <a href=\"https:\/\/gorisgroup.com\/pt-br\/celestron\/\">Celestron<\/a>, <a href=\"https:\/\/gorisgroup.com\/pt-br\/tasco\/\">Tasco<\/a>, <a href=\"https:\/\/gorisgroup.com\/pt-br\/simmons\/\">Simmons<\/a>, <a href=\"https:\/\/gorisgroup.com\/pt-br\/zippo\/\">Zippo<\/a>, <a href=\"https:\/\/gorisgroup.com\/pt-br\/ronson\/\">Ronson<\/a>, <a href=\"https:\/\/gorisgroup.com\/pt-br\/coast\/\">Coast<\/a>, <a href=\"https:\/\/gorisgroup.com\/pt-br\/marcas\/\">Maglite<\/a>, <a href=\"https:\/\/gorisgroup.com\/pt-br\/princeton-tec\/\">Princeton Tec<\/a>, <a href=\"https:\/\/gorisgroup.com\/pt-br\/nite-ize\/\">Nite Ize<\/a>, <a href=\"https:\/\/gorisgroup.com\/pt-br\/smiths\/\">Smith&#8217;s<\/a>, <a href=\"https:\/\/gorisgroup.com\/pt-br\/benchmade\/\">Benchmade<\/a>, <a href=\"https:\/\/gorisgroup.com\/pt-br\/ecovessel\/\">Ecovessel<\/a>, <a href=\"https:\/\/gorisgroup.com\/pt-br\/o2cool\/\">O2Cool<\/a>, <a href=\"https:\/\/gorisgroup.com\/pt-br\/green-sprouts\/\">Green Sprouts<\/a>, <a href=\"https:\/\/gorisgroup.com\/pt-br\/lunchbots\/\">LunchBots<\/a>, <a href=\"https:\/\/gorisgroup.com\/pt-br\/treva\/\">Treva<\/a>, <a href=\"https:\/\/gorisgroup.com\/pt-br\/u-konserve\/\">U-Konserve<\/a>, <a href=\"https:\/\/gorisgroup.com\/pt-br\/primos\/\">Primos<\/a>, <a href=\"https:\/\/gorisgroup.com\/pt-br\/hoppes\/\">Hoppe&#8217;s<\/a>, <a href=\"https:\/\/gorisgroup.com\/pt-br\/blackhawk\/\">Blackhawk<\/a>, <a href=\"https:\/\/gorisgroup.com\/pt-br\/uncle-mikes\/\">Uncle Mike&#8217;s<\/a>, <a href=\"https:\/\/gorisgroup.com\/pt-br\/champion\/\">Champion<\/a>, <a href=\"https:\/\/gorisgroup.com\/pt-br\/butler-creek\/\">Butler Creek<\/a>, <a href=\"https:\/\/gorisgroup.com\/pt-br\/serengeti\/\">Serengeti<\/a>, <a href=\"https:\/\/gorisgroup.com\/pt-br\/parafuso\/\">Bolle<\/a>, <a href=\"https:\/\/gorisgroup.com\/pt-br\/spy\/\">Spy Optics<\/a>.<\/p>\n<p>We pride ourselves on exclusively partnering with exceptional brands that have a long-standing reputation for quality and durability.\n<\/p><\/div>\n","protected":false},"excerpt":{"rendered":"Goris Group is a leading distributor and seller of world-renowned brands in Latin America and the Caribbean. Our extensive portfolio includes celebrated names such as: Bushnell, Celestron, Tasco, Simmons, Zippo, Ronson, Coast, Maglite, Princeton Tec, Nite Ize, Smith&#8217;s, Benchmade, Ecovessel, O2Cool, Green Sprouts, LunchBots, Treva, U-Konserve, Primos, Hoppe&#8217;s, Blackhawk, Uncle Mike&#8217;s, Champion, Butler Creek, Serengeti, [&hellip;]","protected":false},"author":2,"featured_media":6108,"parent":0,"menu_order":0,"comment_status":"closed","ping_status":"closed","template":"","meta":{"content-type":"","inline_featured_image":false,"footnotes":""},"class_list":["post-4087","page","type-page","status-publish","has-post-thumbnail","hentry"],"yoast_head":"<!-- This site is optimized with the Yoast SEO plugin v27.4 - https:\/\/yoast.com\/product\/yoast-seo-wordpress\/ -->\n<title>Grupo Goris - Distribuidores da Am\u00e9rica Latina e Caribe<\/title>\n<meta name=\"description\" content=\"Distribuidores Am\u00e9rica Latina Caribe - Bushnell - Celestron - Tasco - Simmons - Zippo - Ronson - Coast - Maglite - PrincetonTec\" \/>\n<meta name=\"robots\" content=\"index, follow, max-snippet:-1, max-image-preview:large, max-video-preview:-1\" \/>\n<link rel=\"canonical\" href=\"https:\/\/gorisgroup.com\/pt-br\/sobre-nos\/\" \/>\n<meta property=\"og:locale\" content=\"pt_BR\" \/>\n<meta property=\"og:type\" content=\"article\" \/>\n<meta property=\"og:title\" content=\"Grupo Goris - Distribuidores da Am\u00e9rica Latina e Caribe\" \/>\n<meta property=\"og:description\" content=\"Distribuidores Am\u00e9rica Latina Caribe - Bushnell - Celestron - Tasco - Simmons - Zippo - Ronson - Coast - Maglite - PrincetonTec\" \/>\n<meta property=\"og:url\" content=\"https:\/\/gorisgroup.com\/pt-br\/sobre-nos\/\" \/>\n<meta property=\"og:site_name\" content=\"Goris Group\" \/>\n<meta property=\"article:publisher\" content=\"https:\/\/www.facebook.com\/gorisgroup\" \/>\n<meta property=\"article:modified_time\" content=\"2025-03-05T17:19:12+00:00\" \/>\n<meta property=\"og:image\" content=\"https:\/\/gorisgroup.com\/wp-content\/uploads\/2025\/03\/goris-group.jpg\" \/>\n\t<meta property=\"og:image:width\" content=\"400\" \/>\n\t<meta property=\"og:image:height\" content=\"300\" \/>\n\t<meta property=\"og:image:type\" content=\"image\/jpeg\" \/>\n<meta name=\"twitter:card\" content=\"summary_large_image\" \/>\n<meta name=\"twitter:site\" content=\"@GorisGroup\" \/>\n<meta name=\"twitter:label1\" content=\"Est. tempo de leitura\" \/>\n\t<meta name=\"twitter:data1\" content=\"1 minuto\" \/>\n<script type=\"application\/ld+json\" class=\"yoast-schema-graph\">{\"@context\":\"https:\\\/\\\/schema.org\",\"@graph\":[{\"@type\":\"WebPage\",\"@id\":\"https:\\\/\\\/gorisgroup.com\\\/pt-br\\\/sobre-nos\\\/\",\"url\":\"https:\\\/\\\/gorisgroup.com\\\/pt-br\\\/sobre-nos\\\/\",\"name\":\"Grupo Goris - Distribuidores da Am\u00e9rica Latina e Caribe\",\"isPartOf\":{\"@id\":\"https:\\\/\\\/gorisgroup.com\\\/#website\"},\"primaryImageOfPage\":{\"@id\":\"https:\\\/\\\/gorisgroup.com\\\/pt-br\\\/sobre-nos\\\/#primaryimage\"},\"image\":{\"@id\":\"https:\\\/\\\/gorisgroup.com\\\/pt-br\\\/sobre-nos\\\/#primaryimage\"},\"thumbnailUrl\":\"https:\\\/\\\/gorisgroup.com\\\/wp-content\\\/uploads\\\/2025\\\/03\\\/goris-group.jpg\",\"datePublished\":\"2025-02-03T21:48:05+00:00\",\"dateModified\":\"2025-03-05T17:19:12+00:00\",\"description\":\"Distribuidores Am\u00e9rica Latina Caribe - Bushnell - Celestron - Tasco - Simmons - Zippo - Ronson - Coast - Maglite - PrincetonTec\",\"breadcrumb\":{\"@id\":\"https:\\\/\\\/gorisgroup.com\\\/pt-br\\\/sobre-nos\\\/#breadcrumb\"},\"inLanguage\":\"pt-BR\",\"potentialAction\":[{\"@type\":\"ReadAction\",\"target\":[\"https:\\\/\\\/gorisgroup.com\\\/pt-br\\\/sobre-nos\\\/\"]}]},{\"@type\":\"ImageObject\",\"inLanguage\":\"pt-BR\",\"@id\":\"https:\\\/\\\/gorisgroup.com\\\/pt-br\\\/sobre-nos\\\/#primaryimage\",\"url\":\"https:\\\/\\\/gorisgroup.com\\\/wp-content\\\/uploads\\\/2025\\\/03\\\/goris-group.jpg\",\"contentUrl\":\"https:\\\/\\\/gorisgroup.com\\\/wp-content\\\/uploads\\\/2025\\\/03\\\/goris-group.jpg\",\"width\":400,\"height\":300},{\"@type\":\"BreadcrumbList\",\"@id\":\"https:\\\/\\\/gorisgroup.com\\\/pt-br\\\/sobre-nos\\\/#breadcrumb\",\"itemListElement\":[{\"@type\":\"ListItem\",\"position\":1,\"name\":\"Home\",\"item\":\"https:\\\/\\\/gorisgroup.com\\\/pt-br\\\/\"},{\"@type\":\"ListItem\",\"position\":2,\"name\":\"Sobre n\u00f3s\"}]},{\"@type\":\"WebSite\",\"@id\":\"https:\\\/\\\/gorisgroup.com\\\/#website\",\"url\":\"https:\\\/\\\/gorisgroup.com\\\/\",\"name\":\"Goris Group\",\"description\":\"Latin America and Caribbean Distribution\",\"publisher\":{\"@id\":\"https:\\\/\\\/gorisgroup.com\\\/#organization\"},\"alternateName\":\"GG\",\"potentialAction\":[{\"@type\":\"SearchAction\",\"target\":{\"@type\":\"EntryPoint\",\"urlTemplate\":\"https:\\\/\\\/gorisgroup.com\\\/?s={search_term_string}\"},\"query-input\":{\"@type\":\"PropertyValueSpecification\",\"valueRequired\":true,\"valueName\":\"search_term_string\"}}],\"inLanguage\":\"pt-BR\"},{\"@type\":\"Organization\",\"@id\":\"https:\\\/\\\/gorisgroup.com\\\/#organization\",\"name\":\"Goris Group\",\"alternateName\":\"GG\",\"url\":\"https:\\\/\\\/gorisgroup.com\\\/\",\"logo\":{\"@type\":\"ImageObject\",\"inLanguage\":\"pt-BR\",\"@id\":\"https:\\\/\\\/gorisgroup.com\\\/#\\\/schema\\\/logo\\\/image\\\/\",\"url\":\"https:\\\/\\\/gorisgroup.com\\\/wp-content\\\/uploads\\\/2025\\\/02\\\/logo-1.svg\",\"contentUrl\":\"https:\\\/\\\/gorisgroup.com\\\/wp-content\\\/uploads\\\/2025\\\/02\\\/logo-1.svg\",\"width\":\"1024\",\"height\":\"1024\",\"caption\":\"Goris Group\"},\"image\":{\"@id\":\"https:\\\/\\\/gorisgroup.com\\\/#\\\/schema\\\/logo\\\/image\\\/\"},\"sameAs\":[\"https:\\\/\\\/www.facebook.com\\\/gorisgroup\",\"https:\\\/\\\/x.com\\\/GorisGroup\",\"https:\\\/\\\/www.instagram.com\\\/gorisgroup\\\/\",\"https:\\\/\\\/www.youtube.com\\\/@gorisgroup\",\"https:\\\/\\\/www.linkedin.com\\\/company\\\/goris-group\\\/\"]}]}<\/script>\n<!-- \/ Yoast SEO plugin. -->","yoast_head_json":{"title":"Grupo Goris - Distribuidores da Am\u00e9rica Latina e Caribe","description":"Distribuidores Am\u00e9rica Latina Caribe - Bushnell - Celestron - Tasco - Simmons - Zippo - Ronson - Coast - Maglite - PrincetonTec","robots":{"index":"index","follow":"follow","max-snippet":"max-snippet:-1","max-image-preview":"max-image-preview:large","max-video-preview":"max-video-preview:-1"},"canonical":"https:\/\/gorisgroup.com\/pt-br\/sobre-nos\/","og_locale":"pt_BR","og_type":"article","og_title":"Grupo Goris - Distribuidores da Am\u00e9rica Latina e Caribe","og_description":"Distribuidores Am\u00e9rica Latina Caribe - Bushnell - Celestron - Tasco - Simmons - Zippo - Ronson - Coast - Maglite - PrincetonTec","og_url":"https:\/\/gorisgroup.com\/pt-br\/sobre-nos\/","og_site_name":"Goris Group","article_publisher":"https:\/\/www.facebook.com\/gorisgroup","article_modified_time":"2025-03-05T17:19:12+00:00","og_image":[{"width":400,"height":300,"url":"https:\/\/gorisgroup.com\/wp-content\/uploads\/2025\/03\/goris-group.jpg","type":"image\/jpeg"}],"twitter_card":"summary_large_image","twitter_site":"@GorisGroup","twitter_misc":{"Est. tempo de leitura":"1 minuto"},"schema":{"@context":"https:\/\/schema.org","@graph":[{"@type":"WebPage","@id":"https:\/\/gorisgroup.com\/pt-br\/sobre-nos\/","url":"https:\/\/gorisgroup.com\/pt-br\/sobre-nos\/","name":"Grupo Goris - Distribuidores da Am\u00e9rica Latina e Caribe","isPartOf":{"@id":"https:\/\/gorisgroup.com\/#website"},"primaryImageOfPage":{"@id":"https:\/\/gorisgroup.com\/pt-br\/sobre-nos\/#primaryimage"},"image":{"@id":"https:\/\/gorisgroup.com\/pt-br\/sobre-nos\/#primaryimage"},"thumbnailUrl":"https:\/\/gorisgroup.com\/wp-content\/uploads\/2025\/03\/goris-group.jpg","datePublished":"2025-02-03T21:48:05+00:00","dateModified":"2025-03-05T17:19:12+00:00","description":"Distribuidores Am\u00e9rica Latina Caribe - Bushnell - Celestron - Tasco - Simmons - Zippo - Ronson - Coast - Maglite - PrincetonTec","breadcrumb":{"@id":"https:\/\/gorisgroup.com\/pt-br\/sobre-nos\/#breadcrumb"},"inLanguage":"pt-BR","potentialAction":[{"@type":"ReadAction","target":["https:\/\/gorisgroup.com\/pt-br\/sobre-nos\/"]}]},{"@type":"ImageObject","inLanguage":"pt-BR","@id":"https:\/\/gorisgroup.com\/pt-br\/sobre-nos\/#primaryimage","url":"https:\/\/gorisgroup.com\/wp-content\/uploads\/2025\/03\/goris-group.jpg","contentUrl":"https:\/\/gorisgroup.com\/wp-content\/uploads\/2025\/03\/goris-group.jpg","width":400,"height":300},{"@type":"BreadcrumbList","@id":"https:\/\/gorisgroup.com\/pt-br\/sobre-nos\/#breadcrumb","itemListElement":[{"@type":"ListItem","position":1,"name":"Home","item":"https:\/\/gorisgroup.com\/pt-br\/"},{"@type":"ListItem","position":2,"name":"Sobre n\u00f3s"}]},{"@type":"WebSite","@id":"https:\/\/gorisgroup.com\/#website","url":"https:\/\/gorisgroup.com\/","name":"Goris Group","description":"Latin America and Caribbean Distribution","publisher":{"@id":"https:\/\/gorisgroup.com\/#organization"},"alternateName":"GG","potentialAction":[{"@type":"SearchAction","target":{"@type":"EntryPoint","urlTemplate":"https:\/\/gorisgroup.com\/?s={search_term_string}"},"query-input":{"@type":"PropertyValueSpecification","valueRequired":true,"valueName":"search_term_string"}}],"inLanguage":"pt-BR"},{"@type":"Organization","@id":"https:\/\/gorisgroup.com\/#organization","name":"Goris Group","alternateName":"GG","url":"https:\/\/gorisgroup.com\/","logo":{"@type":"ImageObject","inLanguage":"pt-BR","@id":"https:\/\/gorisgroup.com\/#\/schema\/logo\/image\/","url":"https:\/\/gorisgroup.com\/wp-content\/uploads\/2025\/02\/logo-1.svg","contentUrl":"https:\/\/gorisgroup.com\/wp-content\/uploads\/2025\/02\/logo-1.svg","width":"1024","height":"1024","caption":"Goris Group"},"image":{"@id":"https:\/\/gorisgroup.com\/#\/schema\/logo\/image\/"},"sameAs":["https:\/\/www.facebook.com\/gorisgroup","https:\/\/x.com\/GorisGroup","https:\/\/www.instagram.com\/gorisgroup\/","https:\/\/www.youtube.com\/@gorisgroup","https:\/\/www.linkedin.com\/company\/goris-group\/"]}]}},"_links":{"self":[{"href":"https:\/\/gorisgroup.com\/pt-br\/wp-json\/wp\/v2\/pages\/4087","targetHints":{"allow":["GET"]}}],"collection":[{"href":"https:\/\/gorisgroup.com\/pt-br\/wp-json\/wp\/v2\/pages"}],"about":[{"href":"https:\/\/gorisgroup.com\/pt-br\/wp-json\/wp\/v2\/types\/page"}],"author":[{"embeddable":true,"href":"https:\/\/gorisgroup.com\/pt-br\/wp-json\/wp\/v2\/users\/2"}],"replies":[{"embeddable":true,"href":"https:\/\/gorisgroup.com\/pt-br\/wp-json\/wp\/v2\/comments?post=4087"}],"version-history":[{"count":2,"href":"https:\/\/gorisgroup.com\/pt-br\/wp-json\/wp\/v2\/pages\/4087\/revisions"}],"predecessor-version":[{"id":6165,"href":"https:\/\/gorisgroup.com\/pt-br\/wp-json\/wp\/v2\/pages\/4087\/revisions\/6165"}],"wp:featuredmedia":[{"embeddable":true,"href":"https:\/\/gorisgroup.com\/pt-br\/wp-json\/wp\/v2\/media\/6108"}],"wp:attachment":[{"href":"https:\/\/gorisgroup.com\/pt-br\/wp-json\/wp\/v2\/media?parent=4087"}],"curies":[{"name":"wp","href":"https:\/\/api.w.org\/{rel}","templated":true}]}}