{"id":2858,"date":"2022-09-30T00:02:07","date_gmt":"2022-09-30T00:02:07","guid":{"rendered":"https:\/\/gorisgroup.com\/noticias\/"},"modified":"2025-03-06T21:34:03","modified_gmt":"2025-03-06T21:34:03","slug":"noticias","status":"publish","type":"page","link":"https:\/\/gorisgroup.com\/pt-br\/noticias\/","title":{"rendered":"Not\u00edcias"},"content":{"rendered":"<div class=\"ltn__breadcrumb-area text-left bg-overlay-white-50 bg-image \" data-bs-bg=\"https:\/\/gorisgroup.com\/wp-content\/uploads\/2025\/02\/fondo_top_root.jpg\"><div class=\"container\"><div class=\"row\"><div class=\"col-lg-12\"><div class=\"ltn__breadcrumb-inner\"><div class=\"ltn__breadcrumb-list\"><ul><li><a href=\"\/pt-br\/\"><span class=\"ltn__secondary-color\"><i class=\"fas fa-home\"><\/i><\/span> Home<\/a><\/li><li><a href=\"\/pt-br\/\">News<\/a><\/li><\/ul><\/div><\/div><\/div><\/div><\/div><\/div>\n<div class=\"seo-hidden\">\nGoris Group is a leading distributor and seller of world-renowned brands in Latin America and the Caribbean.<\/p>\n<p>Our extensive portfolio includes celebrated names such as:<br \/>\n<a href=\"https:\/\/gorisgroup.com\/bushnell\/\">Bushnell<\/a>, <a href=\"https:\/\/gorisgroup.com\/pt-br\/celestron\/\">Celestron<\/a>, <a href=\"https:\/\/gorisgroup.com\/pt-br\/tasco\/\">Tasco<\/a>, <a href=\"https:\/\/gorisgroup.com\/pt-br\/simmons\/\">Simmons<\/a>, <a href=\"https:\/\/gorisgroup.com\/pt-br\/zippo\/\">Zippo<\/a>, <a href=\"https:\/\/gorisgroup.com\/pt-br\/ronson\/\">Ronson<\/a>, <a href=\"https:\/\/gorisgroup.com\/pt-br\/coast\/\">Coast<\/a>, <a href=\"https:\/\/gorisgroup.com\/pt-br\/marcas\/\">Maglite<\/a>, <a href=\"https:\/\/gorisgroup.com\/pt-br\/princeton-tec\/\">Princeton Tec<\/a>, <a href=\"https:\/\/gorisgroup.com\/pt-br\/nite-ize\/\">Nite Ize<\/a>, <a href=\"https:\/\/gorisgroup.com\/pt-br\/smiths\/\">Smith&#8217;s<\/a>, <a href=\"https:\/\/gorisgroup.com\/pt-br\/benchmade\/\">Benchmade<\/a>, <a href=\"https:\/\/gorisgroup.com\/pt-br\/ecovessel\/\">Ecovessel<\/a>, <a href=\"https:\/\/gorisgroup.com\/pt-br\/o2cool\/\">O2Cool<\/a>, <a href=\"https:\/\/gorisgroup.com\/pt-br\/green-sprouts\/\">Green Sprouts<\/a>, <a href=\"https:\/\/gorisgroup.com\/pt-br\/lunchbots\/\">LunchBots<\/a>, <a href=\"https:\/\/gorisgroup.com\/pt-br\/treva\/\">Treva<\/a>, <a href=\"https:\/\/gorisgroup.com\/pt-br\/u-konserve\/\">U-Konserve<\/a>, <a href=\"https:\/\/gorisgroup.com\/pt-br\/primos\/\">Primos<\/a>, <a href=\"https:\/\/gorisgroup.com\/pt-br\/hoppes\/\">Hoppe&#8217;s<\/a>, <a href=\"https:\/\/gorisgroup.com\/pt-br\/blackhawk\/\">Blackhawk<\/a>, <a href=\"https:\/\/gorisgroup.com\/pt-br\/uncle-mikes\/\">Uncle Mike&#8217;s<\/a>, <a href=\"https:\/\/gorisgroup.com\/pt-br\/champion\/\">Champion<\/a>, <a href=\"https:\/\/gorisgroup.com\/pt-br\/butler-creek\/\">Butler Creek<\/a>, <a href=\"https:\/\/gorisgroup.com\/pt-br\/serengeti\/\">Serengeti<\/a>, <a href=\"https:\/\/gorisgroup.com\/pt-br\/parafuso\/\">Bolle<\/a>, <a href=\"https:\/\/gorisgroup.com\/pt-br\/spy\/\">Spy Optics<\/a>.<\/p>\n<p>We pride ourselves on exclusively partnering with exceptional brands that have a long-standing reputation for quality and durability.\n<\/p><\/div>\n","protected":false},"excerpt":{"rendered":"Goris Group is a leading distributor and seller of world-renowned brands in Latin America and the Caribbean. Our extensive portfolio includes celebrated names such as: Bushnell, Celestron, Tasco, Simmons, Zippo, Ronson, Coast, Maglite, Princeton Tec, Nite Ize, Smith&#8217;s, Benchmade, Ecovessel, O2Cool, Green Sprouts, LunchBots, Treva, U-Konserve, Primos, Hoppe&#8217;s, Blackhawk, Uncle Mike&#8217;s, Champion, Butler Creek, Serengeti, [&hellip;]","protected":false},"author":2,"featured_media":6108,"parent":0,"menu_order":0,"comment_status":"closed","ping_status":"closed","template":"news.php","meta":{"content-type":"","inline_featured_image":false,"footnotes":""},"class_list":["post-2858","page","type-page","status-publish","has-post-thumbnail","hentry"],"yoast_head":"<!-- This site is optimized with the Yoast SEO plugin v27.4 - https:\/\/yoast.com\/product\/yoast-seo-wordpress\/ -->\n<title>Not\u00edcias - Distribuidores da Am\u00e9rica Latina e Caribe<\/title>\n<meta name=\"description\" content=\"Fique atualizado com as \u00faltimas not\u00edcias do Grupo Goris. Descubra lan\u00e7amentos de novos produtos, tend\u00eancias do setor e an\u00fancios de empresas.\" \/>\n<meta name=\"robots\" content=\"index, follow, max-snippet:-1, max-image-preview:large, max-video-preview:-1\" \/>\n<link rel=\"canonical\" href=\"https:\/\/gorisgroup.com\/pt-br\/noticias\/\" \/>\n<meta property=\"og:locale\" content=\"pt_BR\" \/>\n<meta property=\"og:type\" content=\"article\" \/>\n<meta property=\"og:title\" content=\"Not\u00edcias - Distribuidores da Am\u00e9rica Latina e Caribe\" \/>\n<meta property=\"og:description\" content=\"Fique atualizado com as \u00faltimas not\u00edcias do Grupo Goris. Descubra lan\u00e7amentos de novos produtos, tend\u00eancias do setor e an\u00fancios de empresas.\" \/>\n<meta property=\"og:url\" content=\"https:\/\/gorisgroup.com\/pt-br\/noticias\/\" \/>\n<meta property=\"og:site_name\" content=\"Goris Group\" \/>\n<meta property=\"article:publisher\" content=\"https:\/\/www.facebook.com\/gorisgroup\" \/>\n<meta property=\"article:modified_time\" content=\"2025-03-06T21:34:03+00:00\" \/>\n<meta property=\"og:image\" content=\"https:\/\/gorisgroup.com\/wp-content\/uploads\/2025\/03\/goris-group.jpg\" \/>\n\t<meta property=\"og:image:width\" content=\"400\" \/>\n\t<meta property=\"og:image:height\" content=\"300\" \/>\n\t<meta property=\"og:image:type\" content=\"image\/jpeg\" \/>\n<meta name=\"twitter:card\" content=\"summary_large_image\" \/>\n<meta name=\"twitter:site\" content=\"@GorisGroup\" \/>\n<meta name=\"twitter:label1\" content=\"Est. tempo de leitura\" \/>\n\t<meta name=\"twitter:data1\" content=\"1 minuto\" \/>\n<script type=\"application\/ld+json\" class=\"yoast-schema-graph\">{\"@context\":\"https:\\\/\\\/schema.org\",\"@graph\":[{\"@type\":\"WebPage\",\"@id\":\"https:\\\/\\\/gorisgroup.com\\\/pt-br\\\/noticias\\\/\",\"url\":\"https:\\\/\\\/gorisgroup.com\\\/pt-br\\\/noticias\\\/\",\"name\":\"Not\u00edcias - Distribuidores da Am\u00e9rica Latina e Caribe\",\"isPartOf\":{\"@id\":\"https:\\\/\\\/gorisgroup.com\\\/#website\"},\"primaryImageOfPage\":{\"@id\":\"https:\\\/\\\/gorisgroup.com\\\/pt-br\\\/noticias\\\/#primaryimage\"},\"image\":{\"@id\":\"https:\\\/\\\/gorisgroup.com\\\/pt-br\\\/noticias\\\/#primaryimage\"},\"thumbnailUrl\":\"https:\\\/\\\/gorisgroup.com\\\/wp-content\\\/uploads\\\/2025\\\/03\\\/goris-group.jpg\",\"datePublished\":\"2022-09-30T00:02:07+00:00\",\"dateModified\":\"2025-03-06T21:34:03+00:00\",\"description\":\"Fique atualizado com as \u00faltimas not\u00edcias do Grupo Goris. Descubra lan\u00e7amentos de novos produtos, tend\u00eancias do setor e an\u00fancios de empresas.\",\"breadcrumb\":{\"@id\":\"https:\\\/\\\/gorisgroup.com\\\/pt-br\\\/noticias\\\/#breadcrumb\"},\"inLanguage\":\"pt-BR\",\"potentialAction\":[{\"@type\":\"ReadAction\",\"target\":[\"https:\\\/\\\/gorisgroup.com\\\/pt-br\\\/noticias\\\/\"]}]},{\"@type\":\"ImageObject\",\"inLanguage\":\"pt-BR\",\"@id\":\"https:\\\/\\\/gorisgroup.com\\\/pt-br\\\/noticias\\\/#primaryimage\",\"url\":\"https:\\\/\\\/gorisgroup.com\\\/wp-content\\\/uploads\\\/2025\\\/03\\\/goris-group.jpg\",\"contentUrl\":\"https:\\\/\\\/gorisgroup.com\\\/wp-content\\\/uploads\\\/2025\\\/03\\\/goris-group.jpg\",\"width\":400,\"height\":300},{\"@type\":\"BreadcrumbList\",\"@id\":\"https:\\\/\\\/gorisgroup.com\\\/pt-br\\\/noticias\\\/#breadcrumb\",\"itemListElement\":[{\"@type\":\"ListItem\",\"position\":1,\"name\":\"Home\",\"item\":\"https:\\\/\\\/gorisgroup.com\\\/pt-br\\\/\"},{\"@type\":\"ListItem\",\"position\":2,\"name\":\"Not\u00edcias\"}]},{\"@type\":\"WebSite\",\"@id\":\"https:\\\/\\\/gorisgroup.com\\\/#website\",\"url\":\"https:\\\/\\\/gorisgroup.com\\\/\",\"name\":\"Goris Group\",\"description\":\"Latin America and Caribbean Distribution\",\"publisher\":{\"@id\":\"https:\\\/\\\/gorisgroup.com\\\/#organization\"},\"alternateName\":\"GG\",\"potentialAction\":[{\"@type\":\"SearchAction\",\"target\":{\"@type\":\"EntryPoint\",\"urlTemplate\":\"https:\\\/\\\/gorisgroup.com\\\/?s={search_term_string}\"},\"query-input\":{\"@type\":\"PropertyValueSpecification\",\"valueRequired\":true,\"valueName\":\"search_term_string\"}}],\"inLanguage\":\"pt-BR\"},{\"@type\":\"Organization\",\"@id\":\"https:\\\/\\\/gorisgroup.com\\\/#organization\",\"name\":\"Goris Group\",\"alternateName\":\"GG\",\"url\":\"https:\\\/\\\/gorisgroup.com\\\/\",\"logo\":{\"@type\":\"ImageObject\",\"inLanguage\":\"pt-BR\",\"@id\":\"https:\\\/\\\/gorisgroup.com\\\/#\\\/schema\\\/logo\\\/image\\\/\",\"url\":\"https:\\\/\\\/gorisgroup.com\\\/wp-content\\\/uploads\\\/2025\\\/02\\\/logo-1.svg\",\"contentUrl\":\"https:\\\/\\\/gorisgroup.com\\\/wp-content\\\/uploads\\\/2025\\\/02\\\/logo-1.svg\",\"width\":\"1024\",\"height\":\"1024\",\"caption\":\"Goris Group\"},\"image\":{\"@id\":\"https:\\\/\\\/gorisgroup.com\\\/#\\\/schema\\\/logo\\\/image\\\/\"},\"sameAs\":[\"https:\\\/\\\/www.facebook.com\\\/gorisgroup\",\"https:\\\/\\\/x.com\\\/GorisGroup\",\"https:\\\/\\\/www.instagram.com\\\/gorisgroup\\\/\",\"https:\\\/\\\/www.youtube.com\\\/@gorisgroup\",\"https:\\\/\\\/www.linkedin.com\\\/company\\\/goris-group\\\/\"]}]}<\/script>\n<!-- \/ Yoast SEO plugin. -->","yoast_head_json":{"title":"Not\u00edcias - Distribuidores da Am\u00e9rica Latina e Caribe","description":"Fique atualizado com as \u00faltimas not\u00edcias do Grupo Goris. Descubra lan\u00e7amentos de novos produtos, tend\u00eancias do setor e an\u00fancios de empresas.","robots":{"index":"index","follow":"follow","max-snippet":"max-snippet:-1","max-image-preview":"max-image-preview:large","max-video-preview":"max-video-preview:-1"},"canonical":"https:\/\/gorisgroup.com\/pt-br\/noticias\/","og_locale":"pt_BR","og_type":"article","og_title":"Not\u00edcias - Distribuidores da Am\u00e9rica Latina e Caribe","og_description":"Fique atualizado com as \u00faltimas not\u00edcias do Grupo Goris. Descubra lan\u00e7amentos de novos produtos, tend\u00eancias do setor e an\u00fancios de empresas.","og_url":"https:\/\/gorisgroup.com\/pt-br\/noticias\/","og_site_name":"Goris Group","article_publisher":"https:\/\/www.facebook.com\/gorisgroup","article_modified_time":"2025-03-06T21:34:03+00:00","og_image":[{"width":400,"height":300,"url":"https:\/\/gorisgroup.com\/wp-content\/uploads\/2025\/03\/goris-group.jpg","type":"image\/jpeg"}],"twitter_card":"summary_large_image","twitter_site":"@GorisGroup","twitter_misc":{"Est. tempo de leitura":"1 minuto"},"schema":{"@context":"https:\/\/schema.org","@graph":[{"@type":"WebPage","@id":"https:\/\/gorisgroup.com\/pt-br\/noticias\/","url":"https:\/\/gorisgroup.com\/pt-br\/noticias\/","name":"Not\u00edcias - Distribuidores da Am\u00e9rica Latina e Caribe","isPartOf":{"@id":"https:\/\/gorisgroup.com\/#website"},"primaryImageOfPage":{"@id":"https:\/\/gorisgroup.com\/pt-br\/noticias\/#primaryimage"},"image":{"@id":"https:\/\/gorisgroup.com\/pt-br\/noticias\/#primaryimage"},"thumbnailUrl":"https:\/\/gorisgroup.com\/wp-content\/uploads\/2025\/03\/goris-group.jpg","datePublished":"2022-09-30T00:02:07+00:00","dateModified":"2025-03-06T21:34:03+00:00","description":"Fique atualizado com as \u00faltimas not\u00edcias do Grupo Goris. Descubra lan\u00e7amentos de novos produtos, tend\u00eancias do setor e an\u00fancios de empresas.","breadcrumb":{"@id":"https:\/\/gorisgroup.com\/pt-br\/noticias\/#breadcrumb"},"inLanguage":"pt-BR","potentialAction":[{"@type":"ReadAction","target":["https:\/\/gorisgroup.com\/pt-br\/noticias\/"]}]},{"@type":"ImageObject","inLanguage":"pt-BR","@id":"https:\/\/gorisgroup.com\/pt-br\/noticias\/#primaryimage","url":"https:\/\/gorisgroup.com\/wp-content\/uploads\/2025\/03\/goris-group.jpg","contentUrl":"https:\/\/gorisgroup.com\/wp-content\/uploads\/2025\/03\/goris-group.jpg","width":400,"height":300},{"@type":"BreadcrumbList","@id":"https:\/\/gorisgroup.com\/pt-br\/noticias\/#breadcrumb","itemListElement":[{"@type":"ListItem","position":1,"name":"Home","item":"https:\/\/gorisgroup.com\/pt-br\/"},{"@type":"ListItem","position":2,"name":"Not\u00edcias"}]},{"@type":"WebSite","@id":"https:\/\/gorisgroup.com\/#website","url":"https:\/\/gorisgroup.com\/","name":"Goris Group","description":"Latin America and Caribbean Distribution","publisher":{"@id":"https:\/\/gorisgroup.com\/#organization"},"alternateName":"GG","potentialAction":[{"@type":"SearchAction","target":{"@type":"EntryPoint","urlTemplate":"https:\/\/gorisgroup.com\/?s={search_term_string}"},"query-input":{"@type":"PropertyValueSpecification","valueRequired":true,"valueName":"search_term_string"}}],"inLanguage":"pt-BR"},{"@type":"Organization","@id":"https:\/\/gorisgroup.com\/#organization","name":"Goris Group","alternateName":"GG","url":"https:\/\/gorisgroup.com\/","logo":{"@type":"ImageObject","inLanguage":"pt-BR","@id":"https:\/\/gorisgroup.com\/#\/schema\/logo\/image\/","url":"https:\/\/gorisgroup.com\/wp-content\/uploads\/2025\/02\/logo-1.svg","contentUrl":"https:\/\/gorisgroup.com\/wp-content\/uploads\/2025\/02\/logo-1.svg","width":"1024","height":"1024","caption":"Goris Group"},"image":{"@id":"https:\/\/gorisgroup.com\/#\/schema\/logo\/image\/"},"sameAs":["https:\/\/www.facebook.com\/gorisgroup","https:\/\/x.com\/GorisGroup","https:\/\/www.instagram.com\/gorisgroup\/","https:\/\/www.youtube.com\/@gorisgroup","https:\/\/www.linkedin.com\/company\/goris-group\/"]}]}},"_links":{"self":[{"href":"https:\/\/gorisgroup.com\/pt-br\/wp-json\/wp\/v2\/pages\/2858","targetHints":{"allow":["GET"]}}],"collection":[{"href":"https:\/\/gorisgroup.com\/pt-br\/wp-json\/wp\/v2\/pages"}],"about":[{"href":"https:\/\/gorisgroup.com\/pt-br\/wp-json\/wp\/v2\/types\/page"}],"author":[{"embeddable":true,"href":"https:\/\/gorisgroup.com\/pt-br\/wp-json\/wp\/v2\/users\/2"}],"replies":[{"embeddable":true,"href":"https:\/\/gorisgroup.com\/pt-br\/wp-json\/wp\/v2\/comments?post=2858"}],"version-history":[{"count":4,"href":"https:\/\/gorisgroup.com\/pt-br\/wp-json\/wp\/v2\/pages\/2858\/revisions"}],"predecessor-version":[{"id":6331,"href":"https:\/\/gorisgroup.com\/pt-br\/wp-json\/wp\/v2\/pages\/2858\/revisions\/6331"}],"wp:featuredmedia":[{"embeddable":true,"href":"https:\/\/gorisgroup.com\/pt-br\/wp-json\/wp\/v2\/media\/6108"}],"wp:attachment":[{"href":"https:\/\/gorisgroup.com\/pt-br\/wp-json\/wp\/v2\/media?parent=2858"}],"curies":[{"name":"wp","href":"https:\/\/api.w.org\/{rel}","templated":true}]}}