{"id":4082,"date":"2025-02-03T21:48:05","date_gmt":"2025-02-03T21:48:05","guid":{"rendered":"https:\/\/gorisgroup.com\/?page_id=4082"},"modified":"2025-03-05T17:19:23","modified_gmt":"2025-03-05T17:19:23","slug":"acerca-de-nosotros","status":"publish","type":"page","link":"https:\/\/gorisgroup.com\/es\/acerca-de-nosotros\/","title":{"rendered":"Sobre nosotros"},"content":{"rendered":"<p><div class=\"ltn__breadcrumb-area text-left bg-overlay-white-50 bg-image \" data-bs-bg=\"https:\/\/gorisgroup.com\/wp-content\/uploads\/2025\/02\/fondo_top_root.jpg\"><div class=\"container\"><div class=\"row\"><div class=\"col-lg-12\"><div class=\"ltn__breadcrumb-inner\"><div class=\"ltn__breadcrumb-list\"><ul><li><a href=\"\/es\/\"><span class=\"ltn__secondary-color\"><i class=\"fas fa-home\"><\/i><\/span> Home<\/a><\/li><li><a href=\"\/es\/\">Sobre nosotros<\/a><\/li><\/ul><\/div><\/div><\/div><\/div><\/div><\/div><br \/>\n<div class=\"col-lg-12\"><div class=\"ltn__about-us-area\"><div class=\"container\"><div class=\"row\"><div class=\"col-lg-12 align-self-center\"><div class=\"about-us-info-wrap\"><div\n                            class=\"section-title-area ltn__section-title-2--- mb-20 text-center\"\n                        ><h2><span\n                                    >Goris Group comercializa marcas l\u00edderes como Bushnell, Celestron y Zippo distribuyendo productos innovadores que llegan a miles de clientes en Am\u00e9rica Latina.<\/span\n                                ><\/h2><br \/><\/div><\/div><\/div><\/div><\/div><\/div><\/div><div class=\"ltn__img-slider-area mb-10\"><div class=\"container-fluid\"><div\n            class=\"row ltn__image-slider-5-active slick-arrow-1 slick-arrow-1-inner ltn__no-gutter-all\"\n        ><div class=\"col-lg-12\"><div class=\"ltn__img-slide-item-4\"><a\n                                href=\"https:\/\/gorisgroup.com\/wp-content\/uploads\/2025\/02\/32-1.jpg\"\n                                data-rel=\"lightcase:myCollection\"\n                                ><img decoding=\"async\"\n                                    src=\"https:\/\/gorisgroup.com\/wp-content\/uploads\/2025\/02\/32-1.jpg\"\n                                    alt=\"Image\"\n                            \/><\/a><\/div><\/div><div class=\"col-lg-12\"><div class=\"ltn__img-slide-item-4\"><a\n                                href=\"https:\/\/gorisgroup.com\/wp-content\/uploads\/2025\/02\/34-1.jpg\"\n                                data-rel=\"lightcase:myCollection\"\n                                ><img decoding=\"async\"\n                                    src=\"https:\/\/gorisgroup.com\/wp-content\/uploads\/2025\/02\/34-1.jpg\"\n                                    alt=\"Image\"\n                            \/><\/a><\/div><\/div><div class=\"col-lg-12\"><div class=\"ltn__img-slide-item-4\"><a\n                                href=\"https:\/\/gorisgroup.com\/wp-content\/uploads\/2025\/02\/31-1.jpg\"\n                                data-rel=\"lightcase:myCollection\"\n                                ><img decoding=\"async\"\n                                    src=\"https:\/\/gorisgroup.com\/wp-content\/uploads\/2025\/02\/31-1.jpg\"\n                                    alt=\"Image\"\n                            \/><\/a><\/div><\/div><div class=\"col-lg-12\"><div class=\"ltn__img-slide-item-4\"><a\n                                href=\"https:\/\/gorisgroup.com\/wp-content\/uploads\/2025\/02\/32__-2-1.jpg\"\n                                data-rel=\"lightcase:myCollection\"\n                                ><img decoding=\"async\"\n                                    src=\"https:\/\/gorisgroup.com\/wp-content\/uploads\/2025\/02\/32__-2-1.jpg\"\n                                    alt=\"Image\"\n                            \/><\/a><\/div><\/div><div class=\"col-lg-12\"><div class=\"ltn__img-slide-item-4\"><a\n                                href=\"https:\/\/gorisgroup.com\/wp-content\/uploads\/2025\/02\/35-1.jpg\"\n                                data-rel=\"lightcase:myCollection\"\n                                ><img decoding=\"async\"\n                                    src=\"https:\/\/gorisgroup.com\/wp-content\/uploads\/2025\/02\/35-1.jpg\"\n                                    alt=\"Image\"\n                            \/><\/a><\/div><\/div><div class=\"col-lg-12\"><div class=\"ltn__img-slide-item-4\"><a\n                                href=\"https:\/\/gorisgroup.com\/wp-content\/uploads\/2025\/02\/33-1.jpg\"\n                                data-rel=\"lightcase:myCollection\"\n                                ><img decoding=\"async\"\n                                    src=\"https:\/\/gorisgroup.com\/wp-content\/uploads\/2025\/02\/33-1.jpg\"\n                                    alt=\"Image\"\n                            \/><\/a><\/div><\/div><\/div><\/div><\/div><div class=\"ltn__page-details-area ltn__portfolio-details-area mb-105\"><div class=\"container\"><div class=\"row\"><div class=\"col-lg-12\"><div class=\"ltn__about-us-area\"><div class=\"container\"><div class=\"row\"><div class=\"col-lg-12 align-self-center\"><div class=\"about-us-info-wrap\"><div\n                                        class=\"section-title-area ltn__section-title-2--- mb-20\"\n                                    ><p>\n                                            Desde nuestros comienzos, hemos trabajado incansablemente para brindar productos de calidad excepcional, basados en la innovaci\u00f3n constante y el compromiso con nuestros clientes.\r\n<br><br>\r\nNuestra amplia cartera incluye nombres famosos como:<br \/>\r\n<strong>Bushnell, Celestron, Tasco, Simmons, Zippo, Ronson, Coast, Maglite, Princeton Tec, Nite Ize, Smith's, Benchmade, Ecovessel, O2Cool, Green Sprouts, LunchBots, Treva, U-Konserve, Primos, Hoppe's, Blackhawk, Uncle Mike's, Champion, Butler Creek, Serengeti, Bolle, Spy Optics.<\/strong>\n                                        <\/p><\/div><\/div>\n                            <\/div>\n                        <\/div>\n                    <\/div>\n                <\/div>\n            <\/div><div class=\"col-lg-12\">\n                <div class=\"ltn__about-us-area\">\n                    <div class=\"container\">\n                        <div class=\"row\">\n                            <div class=\"col-lg-5 align-self-center\">\n                                <div\n                                    class=\"about-us-img-wrap ltn__img-shape-left about-img-left\"\n                                ><img decoding=\"async\"\n                                        src=\"https:\/\/gorisgroup.com\/wp-content\/uploads\/2025\/01\/11-1.jpg\"\n                                        alt=\"Image\"\n                                    \/><\/div>\n                            <\/div>\n                            <div class=\"col-lg-7 align-self-center\">\n                                <div class=\"about-us-info-wrap\">\n                                    <div\n                                        class=\"section-title-area ltn__section-title-2--- mb-20\"\n                                    >\n                                        <div\n                                            class=\"ltn__blog-item ltn__blog-item-5 ltn__blog-item-quote bg-image bg-overlay-theme-90\"\n                                            data-bs-bg=\"https:\/\/gorisgroup.com\/wp-content\/uploads\/2025\/02\/3.jpg\"\n                                        >\n                                            <div class=\"ltn__blog-brief\">\n                                                <blockquote>\n                                                    <h1>\n                                                        Imaginamos un futuro donde Goris Group sea reconocido no solo como un l\u00edder del mercado, sino tambi\u00e9n como un modelo de crecimiento sostenible e innovaci\u00f3n constante.\n                                                    <\/h1>\n                                                <\/blockquote>\n                                            <\/div>\n                                        <\/div>\n                                        <p>\n                                            <strong>Nuestra misi\u00f3n<\/strong> es ser un referente en el mercado de productos especializados, ofreciendo a nuestros clientes soluciones innovadoras y un servicio impecable. Valoramos la confianza, la responsabilidad y el trabajo en equipo, pilares fundamentales que gu\u00edan nuestras acciones todos los d\u00edas.\r\n<br><br>\r\n<strong>Miramos al futuro<\/strong> con la misma ilusi\u00f3n de siempre, conscientes de que el crecimiento sostenido de nuestra empresa es el resultado del esfuerzo de todos los que formamos parte de Goris Group. Somos una empresa unida por el compromiso de ofrecer lo mejor a nuestros clientes y seguir avanzando como l\u00edderes del mercado.\n                                        <\/p>\n                                    <\/div>\n                                <\/div>\n                            <\/div>\n                        <\/div>\n                    <\/div>\n                <\/div>\n            <\/div>\n        <\/div>\n    <\/div>\n<\/div>\n<div class=\"col-lg-12 align-self-center\">\n    <div class=\"about-us-info-wrap\">\n        <div\n            class=\"section-title-area ltn__section-title-2--- mb-20 text-center\"\n        >\n            <h4><span>Algunas de nuestras marcas importantes.<\/span><\/h4>\n            <br \/>\n        <\/div>\n    <\/div>\n<\/div>\n<div class=\"ltn__brand-logo-area ltn__brand-logo-1 pt-80--- pb-110 plr--9\">\n    <div class=\"container-fluid\">\n        <div class=\"row ltn__brand-logo-active\"><div class=\"col-lg-12\">\n                <div class=\"ltn__brand-logo-item\">\n                    <img decoding=\"async\"\n                        src=\"https:\/\/gorisgroup.com\/wp-content\/uploads\/2017\/02\/Celestron_Logo-e1638514422833.jpg\"\n                        alt=\"Brand Logo\"\n                    \/>\n                <\/div>\n            <\/div><div class=\"col-lg-12\">\n                <div class=\"ltn__brand-logo-item\">\n                    <img decoding=\"async\"\n                        src=\"https:\/\/gorisgroup.com\/wp-content\/uploads\/2025\/01\/logo_bushnell.svg\"\n                        alt=\"Brand Logo\"\n                    \/>\n                <\/div>\n            <\/div><div class=\"col-lg-12\">\n                <div class=\"ltn__brand-logo-item\">\n                    <img decoding=\"async\"\n                        src=\"https:\/\/gorisgroup.com\/wp-content\/uploads\/2025\/01\/zippo.svg\"\n                        alt=\"Brand Logo\"\n                    \/>\n                <\/div>\n            <\/div><\/div>\n    <\/div>\n<\/div><\/p>\n<div class=\"seo-hidden\">\nGoris Group is a leading distributor and seller of world-renowned brands in Latin America and the Caribbean.<\/p>\n<p>Our extensive portfolio includes celebrated names such as:<br \/>\n<a href=\"https:\/\/gorisgroup.com\/bushnell\/\">Bushnell<\/a>, <a href=\"https:\/\/gorisgroup.com\/pt-br\/celestron\/\">Celestron<\/a>, <a href=\"https:\/\/gorisgroup.com\/pt-br\/tasco\/\">Tasco<\/a>, <a href=\"https:\/\/gorisgroup.com\/pt-br\/simmons\/\">Simmons<\/a>, <a href=\"https:\/\/gorisgroup.com\/pt-br\/zippo\/\">Zippo<\/a>, <a href=\"https:\/\/gorisgroup.com\/pt-br\/ronson\/\">Ronson<\/a>, <a href=\"https:\/\/gorisgroup.com\/pt-br\/coast\/\">Coast<\/a>, <a href=\"https:\/\/gorisgroup.com\/pt-br\/marcas\/\">Maglite<\/a>, <a href=\"https:\/\/gorisgroup.com\/pt-br\/princeton-tec\/\">Princeton Tec<\/a>, <a href=\"https:\/\/gorisgroup.com\/pt-br\/nite-ize\/\">Nite Ize<\/a>, <a href=\"https:\/\/gorisgroup.com\/pt-br\/smiths\/\">Smith&#8217;s<\/a>, <a href=\"https:\/\/gorisgroup.com\/pt-br\/benchmade\/\">Benchmade<\/a>, <a href=\"https:\/\/gorisgroup.com\/pt-br\/ecovessel\/\">Ecovessel<\/a>, <a href=\"https:\/\/gorisgroup.com\/pt-br\/o2cool\/\">O2Cool<\/a>, <a href=\"https:\/\/gorisgroup.com\/pt-br\/green-sprouts\/\">Green Sprouts<\/a>, <a href=\"https:\/\/gorisgroup.com\/pt-br\/lunchbots\/\">LunchBots<\/a>, <a href=\"https:\/\/gorisgroup.com\/pt-br\/treva\/\">Treva<\/a>, <a href=\"https:\/\/gorisgroup.com\/pt-br\/u-konserve\/\">U-Konserve<\/a>, <a href=\"https:\/\/gorisgroup.com\/pt-br\/primos\/\">Primos<\/a>, <a href=\"https:\/\/gorisgroup.com\/pt-br\/hoppes\/\">Hoppe&#8217;s<\/a>, <a href=\"https:\/\/gorisgroup.com\/pt-br\/blackhawk\/\">Blackhawk<\/a>, <a href=\"https:\/\/gorisgroup.com\/pt-br\/uncle-mikes\/\">Uncle Mike&#8217;s<\/a>, <a href=\"https:\/\/gorisgroup.com\/pt-br\/champion\/\">Champion<\/a>, <a href=\"https:\/\/gorisgroup.com\/pt-br\/butler-creek\/\">Butler Creek<\/a>, <a href=\"https:\/\/gorisgroup.com\/pt-br\/serengeti\/\">Serengeti<\/a>, <a href=\"https:\/\/gorisgroup.com\/pt-br\/parafuso\/\">Bolle<\/a>, <a href=\"https:\/\/gorisgroup.com\/pt-br\/spy\/\">Spy Optics<\/a>.<\/p>\n<p>We pride ourselves on exclusively partnering with exceptional brands that have a long-standing reputation for quality and durability.\n<\/p><\/div>\n","protected":false},"excerpt":{"rendered":"Goris Group is a leading distributor and seller of world-renowned brands in Latin America and the Caribbean. Our extensive portfolio includes celebrated names such as: Bushnell, Celestron, Tasco, Simmons, Zippo, Ronson, Coast, Maglite, Princeton Tec, Nite Ize, Smith&#8217;s, Benchmade, Ecovessel, O2Cool, Green Sprouts, LunchBots, Treva, U-Konserve, Primos, Hoppe&#8217;s, Blackhawk, Uncle Mike&#8217;s, Champion, Butler Creek, Serengeti, [&hellip;]","protected":false},"author":2,"featured_media":6109,"parent":0,"menu_order":0,"comment_status":"closed","ping_status":"closed","template":"","meta":{"content-type":"","inline_featured_image":false,"footnotes":""},"class_list":["post-4082","page","type-page","status-publish","has-post-thumbnail","hentry"],"yoast_head":"<!-- This site is optimized with the Yoast SEO plugin v27.5 - https:\/\/yoast.com\/product\/yoast-seo-wordpress\/ -->\n<title>Grupo Goris - Distribuidores Latinoam\u00e9rica y Caribe<\/title>\n<meta name=\"description\" content=\"Distribuidores Latin Am\u00e9rica Caribe - Bushnell - Celestron - Tasco - Simmons - Zippo - Ronson - Coast - Maglite - PrincetonTec\" \/>\n<meta name=\"robots\" content=\"index, follow, max-snippet:-1, max-image-preview:large, max-video-preview:-1\" \/>\n<link rel=\"canonical\" href=\"https:\/\/gorisgroup.com\/es\/acerca-de-nosotros\/\" \/>\n<meta property=\"og:locale\" content=\"es_ES\" \/>\n<meta property=\"og:type\" content=\"article\" \/>\n<meta property=\"og:title\" content=\"Grupo Goris - Distribuidores Latinoam\u00e9rica y Caribe\" \/>\n<meta property=\"og:description\" content=\"Distribuidores Latin Am\u00e9rica Caribe - Bushnell - Celestron - Tasco - Simmons - Zippo - Ronson - Coast - Maglite - PrincetonTec\" \/>\n<meta property=\"og:url\" content=\"https:\/\/gorisgroup.com\/es\/acerca-de-nosotros\/\" \/>\n<meta property=\"og:site_name\" content=\"Goris Group\" \/>\n<meta property=\"article:publisher\" content=\"https:\/\/www.facebook.com\/gorisgroup\" \/>\n<meta property=\"article:modified_time\" content=\"2025-03-05T17:19:23+00:00\" \/>\n<meta property=\"og:image\" content=\"https:\/\/gorisgroup.com\/wp-content\/uploads\/2025\/03\/goris-group.jpg\" \/>\n\t<meta property=\"og:image:width\" content=\"400\" \/>\n\t<meta property=\"og:image:height\" content=\"300\" \/>\n\t<meta property=\"og:image:type\" content=\"image\/jpeg\" \/>\n<meta name=\"twitter:card\" content=\"summary_large_image\" \/>\n<meta name=\"twitter:site\" content=\"@GorisGroup\" \/>\n<meta name=\"twitter:label1\" content=\"Tiempo de lectura\" \/>\n\t<meta name=\"twitter:data1\" content=\"1 minuto\" \/>\n<script type=\"application\/ld+json\" class=\"yoast-schema-graph\">{\"@context\":\"https:\\\/\\\/schema.org\",\"@graph\":[{\"@type\":\"WebPage\",\"@id\":\"https:\\\/\\\/gorisgroup.com\\\/es\\\/acerca-de-nosotros\\\/\",\"url\":\"https:\\\/\\\/gorisgroup.com\\\/es\\\/acerca-de-nosotros\\\/\",\"name\":\"Grupo Goris - Distribuidores Latinoam\u00e9rica y Caribe\",\"isPartOf\":{\"@id\":\"https:\\\/\\\/gorisgroup.com\\\/#website\"},\"primaryImageOfPage\":{\"@id\":\"https:\\\/\\\/gorisgroup.com\\\/es\\\/acerca-de-nosotros\\\/#primaryimage\"},\"image\":{\"@id\":\"https:\\\/\\\/gorisgroup.com\\\/es\\\/acerca-de-nosotros\\\/#primaryimage\"},\"thumbnailUrl\":\"https:\\\/\\\/gorisgroup.com\\\/wp-content\\\/uploads\\\/2025\\\/03\\\/goris-group.jpg\",\"datePublished\":\"2025-02-03T21:48:05+00:00\",\"dateModified\":\"2025-03-05T17:19:23+00:00\",\"description\":\"Distribuidores Latin Am\u00e9rica Caribe - Bushnell - Celestron - Tasco - Simmons - Zippo - Ronson - Coast - Maglite - PrincetonTec\",\"breadcrumb\":{\"@id\":\"https:\\\/\\\/gorisgroup.com\\\/es\\\/acerca-de-nosotros\\\/#breadcrumb\"},\"inLanguage\":\"es\",\"potentialAction\":[{\"@type\":\"ReadAction\",\"target\":[\"https:\\\/\\\/gorisgroup.com\\\/es\\\/acerca-de-nosotros\\\/\"]}]},{\"@type\":\"ImageObject\",\"inLanguage\":\"es\",\"@id\":\"https:\\\/\\\/gorisgroup.com\\\/es\\\/acerca-de-nosotros\\\/#primaryimage\",\"url\":\"https:\\\/\\\/gorisgroup.com\\\/wp-content\\\/uploads\\\/2025\\\/03\\\/goris-group.jpg\",\"contentUrl\":\"https:\\\/\\\/gorisgroup.com\\\/wp-content\\\/uploads\\\/2025\\\/03\\\/goris-group.jpg\",\"width\":400,\"height\":300},{\"@type\":\"BreadcrumbList\",\"@id\":\"https:\\\/\\\/gorisgroup.com\\\/es\\\/acerca-de-nosotros\\\/#breadcrumb\",\"itemListElement\":[{\"@type\":\"ListItem\",\"position\":1,\"name\":\"Home\",\"item\":\"https:\\\/\\\/gorisgroup.com\\\/es\\\/\"},{\"@type\":\"ListItem\",\"position\":2,\"name\":\"Sobre nosotros\"}]},{\"@type\":\"WebSite\",\"@id\":\"https:\\\/\\\/gorisgroup.com\\\/#website\",\"url\":\"https:\\\/\\\/gorisgroup.com\\\/\",\"name\":\"Goris Group\",\"description\":\"Latin America and Caribbean Distribution\",\"publisher\":{\"@id\":\"https:\\\/\\\/gorisgroup.com\\\/#organization\"},\"alternateName\":\"GG\",\"potentialAction\":[{\"@type\":\"SearchAction\",\"target\":{\"@type\":\"EntryPoint\",\"urlTemplate\":\"https:\\\/\\\/gorisgroup.com\\\/?s={search_term_string}\"},\"query-input\":{\"@type\":\"PropertyValueSpecification\",\"valueRequired\":true,\"valueName\":\"search_term_string\"}}],\"inLanguage\":\"es\"},{\"@type\":\"Organization\",\"@id\":\"https:\\\/\\\/gorisgroup.com\\\/#organization\",\"name\":\"Goris Group\",\"alternateName\":\"GG\",\"url\":\"https:\\\/\\\/gorisgroup.com\\\/\",\"logo\":{\"@type\":\"ImageObject\",\"inLanguage\":\"es\",\"@id\":\"https:\\\/\\\/gorisgroup.com\\\/#\\\/schema\\\/logo\\\/image\\\/\",\"url\":\"https:\\\/\\\/gorisgroup.com\\\/wp-content\\\/uploads\\\/2025\\\/02\\\/logo-1.svg\",\"contentUrl\":\"https:\\\/\\\/gorisgroup.com\\\/wp-content\\\/uploads\\\/2025\\\/02\\\/logo-1.svg\",\"width\":\"1024\",\"height\":\"1024\",\"caption\":\"Goris Group\"},\"image\":{\"@id\":\"https:\\\/\\\/gorisgroup.com\\\/#\\\/schema\\\/logo\\\/image\\\/\"},\"sameAs\":[\"https:\\\/\\\/www.facebook.com\\\/gorisgroup\",\"https:\\\/\\\/x.com\\\/GorisGroup\",\"https:\\\/\\\/www.instagram.com\\\/gorisgroup\\\/\",\"https:\\\/\\\/www.youtube.com\\\/@gorisgroup\",\"https:\\\/\\\/www.linkedin.com\\\/company\\\/goris-group\\\/\"]}]}<\/script>\n<!-- \/ Yoast SEO plugin. -->","yoast_head_json":{"title":"Grupo Goris - Distribuidores Latinoam\u00e9rica y Caribe","description":"Distribuidores Latin Am\u00e9rica Caribe - Bushnell - Celestron - Tasco - Simmons - Zippo - Ronson - Coast - Maglite - PrincetonTec","robots":{"index":"index","follow":"follow","max-snippet":"max-snippet:-1","max-image-preview":"max-image-preview:large","max-video-preview":"max-video-preview:-1"},"canonical":"https:\/\/gorisgroup.com\/es\/acerca-de-nosotros\/","og_locale":"es_ES","og_type":"article","og_title":"Grupo Goris - Distribuidores Latinoam\u00e9rica y Caribe","og_description":"Distribuidores Latin Am\u00e9rica Caribe - Bushnell - Celestron - Tasco - Simmons - Zippo - Ronson - Coast - Maglite - PrincetonTec","og_url":"https:\/\/gorisgroup.com\/es\/acerca-de-nosotros\/","og_site_name":"Goris Group","article_publisher":"https:\/\/www.facebook.com\/gorisgroup","article_modified_time":"2025-03-05T17:19:23+00:00","og_image":[{"width":400,"height":300,"url":"https:\/\/gorisgroup.com\/wp-content\/uploads\/2025\/03\/goris-group.jpg","type":"image\/jpeg"}],"twitter_card":"summary_large_image","twitter_site":"@GorisGroup","twitter_misc":{"Tiempo de lectura":"1 minuto"},"schema":{"@context":"https:\/\/schema.org","@graph":[{"@type":"WebPage","@id":"https:\/\/gorisgroup.com\/es\/acerca-de-nosotros\/","url":"https:\/\/gorisgroup.com\/es\/acerca-de-nosotros\/","name":"Grupo Goris - Distribuidores Latinoam\u00e9rica y Caribe","isPartOf":{"@id":"https:\/\/gorisgroup.com\/#website"},"primaryImageOfPage":{"@id":"https:\/\/gorisgroup.com\/es\/acerca-de-nosotros\/#primaryimage"},"image":{"@id":"https:\/\/gorisgroup.com\/es\/acerca-de-nosotros\/#primaryimage"},"thumbnailUrl":"https:\/\/gorisgroup.com\/wp-content\/uploads\/2025\/03\/goris-group.jpg","datePublished":"2025-02-03T21:48:05+00:00","dateModified":"2025-03-05T17:19:23+00:00","description":"Distribuidores Latin Am\u00e9rica Caribe - Bushnell - Celestron - Tasco - Simmons - Zippo - Ronson - Coast - Maglite - PrincetonTec","breadcrumb":{"@id":"https:\/\/gorisgroup.com\/es\/acerca-de-nosotros\/#breadcrumb"},"inLanguage":"es","potentialAction":[{"@type":"ReadAction","target":["https:\/\/gorisgroup.com\/es\/acerca-de-nosotros\/"]}]},{"@type":"ImageObject","inLanguage":"es","@id":"https:\/\/gorisgroup.com\/es\/acerca-de-nosotros\/#primaryimage","url":"https:\/\/gorisgroup.com\/wp-content\/uploads\/2025\/03\/goris-group.jpg","contentUrl":"https:\/\/gorisgroup.com\/wp-content\/uploads\/2025\/03\/goris-group.jpg","width":400,"height":300},{"@type":"BreadcrumbList","@id":"https:\/\/gorisgroup.com\/es\/acerca-de-nosotros\/#breadcrumb","itemListElement":[{"@type":"ListItem","position":1,"name":"Home","item":"https:\/\/gorisgroup.com\/es\/"},{"@type":"ListItem","position":2,"name":"Sobre nosotros"}]},{"@type":"WebSite","@id":"https:\/\/gorisgroup.com\/#website","url":"https:\/\/gorisgroup.com\/","name":"Goris Group","description":"Latin America and Caribbean Distribution","publisher":{"@id":"https:\/\/gorisgroup.com\/#organization"},"alternateName":"GG","potentialAction":[{"@type":"SearchAction","target":{"@type":"EntryPoint","urlTemplate":"https:\/\/gorisgroup.com\/?s={search_term_string}"},"query-input":{"@type":"PropertyValueSpecification","valueRequired":true,"valueName":"search_term_string"}}],"inLanguage":"es"},{"@type":"Organization","@id":"https:\/\/gorisgroup.com\/#organization","name":"Goris Group","alternateName":"GG","url":"https:\/\/gorisgroup.com\/","logo":{"@type":"ImageObject","inLanguage":"es","@id":"https:\/\/gorisgroup.com\/#\/schema\/logo\/image\/","url":"https:\/\/gorisgroup.com\/wp-content\/uploads\/2025\/02\/logo-1.svg","contentUrl":"https:\/\/gorisgroup.com\/wp-content\/uploads\/2025\/02\/logo-1.svg","width":"1024","height":"1024","caption":"Goris Group"},"image":{"@id":"https:\/\/gorisgroup.com\/#\/schema\/logo\/image\/"},"sameAs":["https:\/\/www.facebook.com\/gorisgroup","https:\/\/x.com\/GorisGroup","https:\/\/www.instagram.com\/gorisgroup\/","https:\/\/www.youtube.com\/@gorisgroup","https:\/\/www.linkedin.com\/company\/goris-group\/"]}]}},"_links":{"self":[{"href":"https:\/\/gorisgroup.com\/es\/wp-json\/wp\/v2\/pages\/4082","targetHints":{"allow":["GET"]}}],"collection":[{"href":"https:\/\/gorisgroup.com\/es\/wp-json\/wp\/v2\/pages"}],"about":[{"href":"https:\/\/gorisgroup.com\/es\/wp-json\/wp\/v2\/types\/page"}],"author":[{"embeddable":true,"href":"https:\/\/gorisgroup.com\/es\/wp-json\/wp\/v2\/users\/2"}],"replies":[{"embeddable":true,"href":"https:\/\/gorisgroup.com\/es\/wp-json\/wp\/v2\/comments?post=4082"}],"version-history":[{"count":9,"href":"https:\/\/gorisgroup.com\/es\/wp-json\/wp\/v2\/pages\/4082\/revisions"}],"predecessor-version":[{"id":6166,"href":"https:\/\/gorisgroup.com\/es\/wp-json\/wp\/v2\/pages\/4082\/revisions\/6166"}],"wp:featuredmedia":[{"embeddable":true,"href":"https:\/\/gorisgroup.com\/es\/wp-json\/wp\/v2\/media\/6109"}],"wp:attachment":[{"href":"https:\/\/gorisgroup.com\/es\/wp-json\/wp\/v2\/media?parent=4082"}],"curies":[{"name":"wp","href":"https:\/\/api.w.org\/{rel}","templated":true}]}}